{"id":1148,"date":"2025-05-21T14:22:53","date_gmt":"2025-05-21T12:22:53","guid":{"rendered":"https:\/\/eurel.shop\/?post_type=product&#038;p=1148"},"modified":"2026-04-10T13:26:48","modified_gmt":"2026-04-10T11:26:48","slug":"basicline-rs42-crn-schneider","status":"publish","type":"product","link":"https:\/\/eurel.shop\/de\/produkt-2\/basicline-rs42-crn-schneider\/","title":{"rendered":"ALLESSCHNEIDER BASICLine RS42 SCHWARZ"},"content":{"rendered":"","protected":false},"excerpt":{"rendered":"<p>EUREL BASICLine RS42 - klein und klappbar, aber mit einer gro\u00dfen Schneidfl\u00e4che.<\/p>\n<ul>\n<li>Leistungsstarker ECO DC-Motor 80 W<\/li>\n<li>Breite des gefalteten Ger\u00e4ts: 9 cm<\/li>\n<li>Schneidemesser e-blade<\/li>\n<li>Schnittst\u00e4rkenbereich 0-17 mm<\/li>\n<li>Strom einschalten<\/li>\n<li>Kutter entworfen in Slowenien<\/li>\n<\/ul>","protected":false},"featured_media":1154,"template":"","meta":[],"product_brand":[],"product_cat":[26,28],"product_tag":[41],"class_list":{"0":"post-1148","1":"product","2":"type-product","3":"status-publish","4":"has-post-thumbnail","6":"product_cat-rezalniki","7":"product_cat-basicline","8":"product_tag-basicline","10":"first","11":"instock","12":"taxable","13":"shipping-taxable","14":"purchasable","15":"product-type-simple"},"yoast_head":"<!-- This site is optimized with the Yoast SEO plugin v27.0 - https:\/\/yoast.com\/product\/yoast-seo-wordpress\/ -->\n<title>Rezalnik BASICLine RS42 \u010drn - Eurel<\/title>\n<meta name=\"robots\" content=\"index, follow, max-snippet:-1, max-image-preview:large, max-video-preview:-1\" \/>\n<link rel=\"canonical\" href=\"https:\/\/eurel.shop\/de\/produkt-2\/basicline-rs42-crn-schneider\/\" \/>\n<meta property=\"og:locale\" content=\"de_DE\" \/>\n<meta property=\"og:type\" content=\"article\" \/>\n<meta property=\"og:title\" content=\"Rezalnik BASICLine RS42 \u010drn - Eurel\" \/>\n<meta property=\"og:description\" content=\"EUREL Rezalnik BASICLine RS42 - majhen in zlo\u017eljiv, a z veliko povr\u0161ino za rezanje.   Mo\u010dan ECO DC motor 80 W  \u0160irina zlo\u017eenega aparata: 9 cm  Rezalni no\u017e e-blade  Razpon debeline rezanja 0-17 mm  Trenutni vklop  Rezalnik zasnovan v Sloveniji\" \/>\n<meta property=\"og:url\" content=\"https:\/\/eurel.shop\/de\/produkt-2\/basicline-rs42-crn-schneider\/\" \/>\n<meta property=\"og:site_name\" content=\"Eurel\" \/>\n<meta property=\"article:publisher\" content=\"https:\/\/www.facebook.com\/eurelproducts\" \/>\n<meta property=\"article:modified_time\" content=\"2026-04-10T11:26:48+00:00\" \/>\n<meta property=\"og:image\" content=\"https:\/\/eurel.shop\/wp-content\/uploads\/2025\/05\/6-5-1024x1024.png\" \/>\n\t<meta property=\"og:image:width\" content=\"1024\" \/>\n\t<meta property=\"og:image:height\" content=\"1024\" \/>\n\t<meta property=\"og:image:type\" content=\"image\/png\" \/>\n<meta name=\"twitter:card\" content=\"summary_large_image\" \/>\n<meta name=\"twitter:label1\" content=\"Gesch\u00e4tzte Lesezeit\" \/>\n\t<meta name=\"twitter:data1\" content=\"1\u00a0Minute\" \/>\n<script type=\"application\/ld+json\" class=\"yoast-schema-graph\">{\"@context\":\"https:\/\/schema.org\",\"@graph\":[{\"@type\":\"WebPage\",\"@id\":\"https:\/\/eurel.shop\/product\/rezalnik-basicline-rs42-crn\/\",\"url\":\"https:\/\/eurel.shop\/product\/rezalnik-basicline-rs42-crn\/\",\"name\":\"Rezalnik BASICLine RS42 \u010drn - Eurel\",\"isPartOf\":{\"@id\":\"https:\/\/eurel.shop\/#website\"},\"primaryImageOfPage\":{\"@id\":\"https:\/\/eurel.shop\/product\/rezalnik-basicline-rs42-crn\/#primaryimage\"},\"image\":{\"@id\":\"https:\/\/eurel.shop\/product\/rezalnik-basicline-rs42-crn\/#primaryimage\"},\"thumbnailUrl\":\"https:\/\/eurel.shop\/wp-content\/uploads\/2025\/05\/6-5.png\",\"datePublished\":\"2025-05-21T12:22:53+00:00\",\"dateModified\":\"2026-04-10T11:26:48+00:00\",\"breadcrumb\":{\"@id\":\"https:\/\/eurel.shop\/product\/rezalnik-basicline-rs42-crn\/#breadcrumb\"},\"inLanguage\":\"de\",\"potentialAction\":[{\"@type\":\"ReadAction\",\"target\":[\"https:\/\/eurel.shop\/product\/rezalnik-basicline-rs42-crn\/\"]}]},{\"@type\":\"ImageObject\",\"inLanguage\":\"de\",\"@id\":\"https:\/\/eurel.shop\/product\/rezalnik-basicline-rs42-crn\/#primaryimage\",\"url\":\"https:\/\/eurel.shop\/wp-content\/uploads\/2025\/05\/6-5.png\",\"contentUrl\":\"https:\/\/eurel.shop\/wp-content\/uploads\/2025\/05\/6-5.png\",\"width\":2000,\"height\":2000},{\"@type\":\"BreadcrumbList\",\"@id\":\"https:\/\/eurel.shop\/product\/rezalnik-basicline-rs42-crn\/#breadcrumb\",\"itemListElement\":[{\"@type\":\"ListItem\",\"position\":1,\"name\":\"Home\",\"item\":\"https:\/\/eurel.shop\/\"},{\"@type\":\"ListItem\",\"position\":2,\"name\":\"Shop\",\"item\":\"https:\/\/eurel.shop\/shop\/\"},{\"@type\":\"ListItem\",\"position\":3,\"name\":\"Rezalnik BASICLine RS42 \u010drn\"}]},{\"@type\":\"WebSite\",\"@id\":\"https:\/\/eurel.shop\/#website\",\"url\":\"https:\/\/eurel.shop\/\",\"name\":\"Eurel\",\"description\":\"Va&scaron;i zanesljivi pomo\u010dniki v kuhinji\",\"publisher\":{\"@id\":\"https:\/\/eurel.shop\/#organization\"},\"potentialAction\":[{\"@type\":\"SearchAction\",\"target\":{\"@type\":\"EntryPoint\",\"urlTemplate\":\"https:\/\/eurel.shop\/?s={search_term_string}\"},\"query-input\":{\"@type\":\"PropertyValueSpecification\",\"valueRequired\":true,\"valueName\":\"search_term_string\"}}],\"inLanguage\":\"de\"},{\"@type\":\"Organization\",\"@id\":\"https:\/\/eurel.shop\/#organization\",\"name\":\"Eurel\",\"url\":\"https:\/\/eurel.shop\/\",\"logo\":{\"@type\":\"ImageObject\",\"inLanguage\":\"de\",\"@id\":\"https:\/\/eurel.shop\/#\/schema\/logo\/image\/\",\"url\":\"https:\/\/eurel.shop\/wp-content\/uploads\/2025\/03\/eurel_logo_white.png\",\"contentUrl\":\"https:\/\/eurel.shop\/wp-content\/uploads\/2025\/03\/eurel_logo_white.png\",\"width\":200,\"height\":56,\"caption\":\"Eurel\"},\"image\":{\"@id\":\"https:\/\/eurel.shop\/#\/schema\/logo\/image\/\"},\"sameAs\":[\"https:\/\/www.facebook.com\/eurelproducts\",\"https:\/\/www.instagram.com\/eurelproducts\"]}]}<\/script>\n<!-- \/ Yoast SEO plugin. -->","yoast_head_json":{"title":"BASICLine RS42 schwarz - Eurel","robots":{"index":"index","follow":"follow","max-snippet":"max-snippet:-1","max-image-preview":"max-image-preview:large","max-video-preview":"max-video-preview:-1"},"canonical":"https:\/\/eurel.shop\/de\/produkt-2\/basicline-rs42-crn-schneider\/","og_locale":"de_DE","og_type":"article","og_title":"Rezalnik BASICLine RS42 \u010drn - Eurel","og_description":"EUREL Rezalnik BASICLine RS42 - majhen in zlo\u017eljiv, a z veliko povr\u0161ino za rezanje.   Mo\u010dan ECO DC motor 80 W  \u0160irina zlo\u017eenega aparata: 9 cm  Rezalni no\u017e e-blade  Razpon debeline rezanja 0-17 mm  Trenutni vklop  Rezalnik zasnovan v Sloveniji","og_url":"https:\/\/eurel.shop\/de\/produkt-2\/basicline-rs42-crn-schneider\/","og_site_name":"Eurel","article_publisher":"https:\/\/www.facebook.com\/eurelproducts","article_modified_time":"2026-04-10T11:26:48+00:00","og_image":[{"width":1024,"height":1024,"url":"https:\/\/eurel.shop\/wp-content\/uploads\/2025\/05\/6-5-1024x1024.png","type":"image\/png"}],"twitter_card":"summary_large_image","twitter_misc":{"Gesch\u00e4tzte Lesezeit":"1\u00a0Minute"},"schema":{"@context":"https:\/\/schema.org","@graph":[{"@type":"WebPage","@id":"https:\/\/eurel.shop\/product\/rezalnik-basicline-rs42-crn\/","url":"https:\/\/eurel.shop\/product\/rezalnik-basicline-rs42-crn\/","name":"BASICLine RS42 schwarz - Eurel","isPartOf":{"@id":"https:\/\/eurel.shop\/#website"},"primaryImageOfPage":{"@id":"https:\/\/eurel.shop\/product\/rezalnik-basicline-rs42-crn\/#primaryimage"},"image":{"@id":"https:\/\/eurel.shop\/product\/rezalnik-basicline-rs42-crn\/#primaryimage"},"thumbnailUrl":"https:\/\/eurel.shop\/wp-content\/uploads\/2025\/05\/6-5.png","datePublished":"2025-05-21T12:22:53+00:00","dateModified":"2026-04-10T11:26:48+00:00","breadcrumb":{"@id":"https:\/\/eurel.shop\/product\/rezalnik-basicline-rs42-crn\/#breadcrumb"},"inLanguage":"de","potentialAction":[{"@type":"ReadAction","target":["https:\/\/eurel.shop\/product\/rezalnik-basicline-rs42-crn\/"]}]},{"@type":"ImageObject","inLanguage":"de","@id":"https:\/\/eurel.shop\/product\/rezalnik-basicline-rs42-crn\/#primaryimage","url":"https:\/\/eurel.shop\/wp-content\/uploads\/2025\/05\/6-5.png","contentUrl":"https:\/\/eurel.shop\/wp-content\/uploads\/2025\/05\/6-5.png","width":2000,"height":2000},{"@type":"BreadcrumbList","@id":"https:\/\/eurel.shop\/product\/rezalnik-basicline-rs42-crn\/#breadcrumb","itemListElement":[{"@type":"ListItem","position":1,"name":"Home","item":"https:\/\/eurel.shop\/"},{"@type":"ListItem","position":2,"name":"Shop","item":"https:\/\/eurel.shop\/shop\/"},{"@type":"ListItem","position":3,"name":"Rezalnik BASICLine RS42 \u010drn"}]},{"@type":"WebSite","@id":"https:\/\/eurel.shop\/#website","url":"https:\/\/eurel.shop\/","name":"Eurel","description":"Ihre zuverl\u00e4ssigen K\u00fcchenhelfer","publisher":{"@id":"https:\/\/eurel.shop\/#organization"},"potentialAction":[{"@type":"SearchAction","target":{"@type":"EntryPoint","urlTemplate":"https:\/\/eurel.shop\/?s={search_term_string}"},"query-input":{"@type":"PropertyValueSpecification","valueRequired":true,"valueName":"search_term_string"}}],"inLanguage":"de"},{"@type":"Organization","@id":"https:\/\/eurel.shop\/#organization","name":"Eurel","url":"https:\/\/eurel.shop\/","logo":{"@type":"ImageObject","inLanguage":"de","@id":"https:\/\/eurel.shop\/#\/schema\/logo\/image\/","url":"https:\/\/eurel.shop\/wp-content\/uploads\/2025\/03\/eurel_logo_white.png","contentUrl":"https:\/\/eurel.shop\/wp-content\/uploads\/2025\/03\/eurel_logo_white.png","width":200,"height":56,"caption":"Eurel"},"image":{"@id":"https:\/\/eurel.shop\/#\/schema\/logo\/image\/"},"sameAs":["https:\/\/www.facebook.com\/eurelproducts","https:\/\/www.instagram.com\/eurelproducts"]}]}},"_links":{"self":[{"href":"https:\/\/eurel.shop\/de\/wp-json\/wp\/v2\/product\/1148","targetHints":{"allow":["GET"]}}],"collection":[{"href":"https:\/\/eurel.shop\/de\/wp-json\/wp\/v2\/product"}],"about":[{"href":"https:\/\/eurel.shop\/de\/wp-json\/wp\/v2\/types\/product"}],"wp:featuredmedia":[{"embeddable":true,"href":"https:\/\/eurel.shop\/de\/wp-json\/wp\/v2\/media\/1154"}],"wp:attachment":[{"href":"https:\/\/eurel.shop\/de\/wp-json\/wp\/v2\/media?parent=1148"}],"wp:term":[{"taxonomy":"product_brand","embeddable":true,"href":"https:\/\/eurel.shop\/de\/wp-json\/wp\/v2\/product_brand?post=1148"},{"taxonomy":"product_cat","embeddable":true,"href":"https:\/\/eurel.shop\/de\/wp-json\/wp\/v2\/product_cat?post=1148"},{"taxonomy":"product_tag","embeddable":true,"href":"https:\/\/eurel.shop\/de\/wp-json\/wp\/v2\/product_tag?post=1148"}],"curies":[{"name":"wp","href":"https:\/\/api.w.org\/{rel}","templated":true}]}}