{"id":1317,"date":"2025-05-22T09:42:38","date_gmt":"2025-05-22T07:42:38","guid":{"rendered":"https:\/\/eurel.shop\/?post_type=product&#038;p=1317"},"modified":"2026-04-10T13:27:25","modified_gmt":"2026-04-10T11:27:25","slug":"kj42-intelligenter-eierkocher","status":"publish","type":"product","link":"https:\/\/eurel.shop\/de\/produkt-2\/kj42-intelligenter-eierkocher\/","title":{"rendered":"Smarter Eierkocher 3in1 KJ42"},"content":{"rendered":"","protected":false},"excerpt":{"rendered":"<p>EUREL Smart Egg Cooker KJ42 3in1 - der unentbehrliche K\u00fcchenhelfer f\u00fcr die schnelle, einfache und pr\u00e4zise Zubereitung von weich, mittel und hart gekochten Eiern.<\/p>\n<p>Mit seinem innovativen Design, der zweisprachigen Sprachausgabe, der keramikbeschichteten Heizplatte und der einfachen Bedienung liefert er perfekte Ergebnisse beim Eierkochen.<\/p>","protected":false},"featured_media":1319,"template":"","meta":[],"product_brand":[],"product_cat":[40],"product_tag":[41],"class_list":{"0":"post-1317","1":"product","2":"type-product","3":"status-publish","4":"has-post-thumbnail","6":"product_cat-kuhalniki-jajc","7":"product_tag-basicline","9":"first","10":"instock","11":"taxable","12":"shipping-taxable","13":"purchasable","14":"product-type-simple"},"yoast_head":"<!-- This site is optimized with the Yoast SEO plugin v27.0 - https:\/\/yoast.com\/product\/yoast-seo-wordpress\/ -->\n<title>Pametni kuhalnik jajc KJ42 3v1 - Eurel<\/title>\n<meta name=\"robots\" content=\"index, follow, max-snippet:-1, max-image-preview:large, max-video-preview:-1\" \/>\n<link rel=\"canonical\" href=\"https:\/\/eurel.shop\/de\/produkt-2\/kj42-intelligenter-eierkocher\/\" \/>\n<meta property=\"og:locale\" content=\"de_DE\" \/>\n<meta property=\"og:type\" content=\"article\" \/>\n<meta property=\"og:title\" content=\"Pametni kuhalnik jajc KJ42 3v1 - Eurel\" \/>\n<meta property=\"og:description\" content=\"EUREL Pametni kuhalnik jajc KJ42 3v1 - nepogre\u0161ljiv kuhinjski pomo\u010dnik za hitro, enostavno in natan\u010dno pripravo mehko, srednje ali trdo kuhanih jajc.  Z inovativnim dizajnom, glasovnimi opozorili v dveh jezikih, grelno plo\u0161\u010do s kerami\u010dnim premazom in enostavno uporabo omogo\u010da popolne rezultate kuhanja jajc.\" \/>\n<meta property=\"og:url\" content=\"https:\/\/eurel.shop\/de\/produkt-2\/kj42-intelligenter-eierkocher\/\" \/>\n<meta property=\"og:site_name\" content=\"Eurel\" \/>\n<meta property=\"article:publisher\" content=\"https:\/\/www.facebook.com\/eurelproducts\" \/>\n<meta property=\"article:modified_time\" content=\"2026-04-10T11:27:25+00:00\" \/>\n<meta property=\"og:image\" content=\"https:\/\/eurel.shop\/wp-content\/uploads\/2025\/05\/2-15.png\" \/>\n\t<meta property=\"og:image:width\" content=\"2000\" \/>\n\t<meta property=\"og:image:height\" content=\"2000\" \/>\n\t<meta property=\"og:image:type\" content=\"image\/png\" \/>\n<meta name=\"twitter:card\" content=\"summary_large_image\" \/>\n<meta name=\"twitter:label1\" content=\"Gesch\u00e4tzte Lesezeit\" \/>\n\t<meta name=\"twitter:data1\" content=\"1\u00a0Minute\" \/>\n<script type=\"application\/ld+json\" class=\"yoast-schema-graph\">{\"@context\":\"https:\/\/schema.org\",\"@graph\":[{\"@type\":\"WebPage\",\"@id\":\"https:\/\/eurel.shop\/product\/pametni-kuhalnik-jajc-kj42\/\",\"url\":\"https:\/\/eurel.shop\/product\/pametni-kuhalnik-jajc-kj42\/\",\"name\":\"Pametni kuhalnik jajc KJ42 3v1 - Eurel\",\"isPartOf\":{\"@id\":\"https:\/\/eurel.shop\/#website\"},\"primaryImageOfPage\":{\"@id\":\"https:\/\/eurel.shop\/product\/pametni-kuhalnik-jajc-kj42\/#primaryimage\"},\"image\":{\"@id\":\"https:\/\/eurel.shop\/product\/pametni-kuhalnik-jajc-kj42\/#primaryimage\"},\"thumbnailUrl\":\"https:\/\/eurel.shop\/wp-content\/uploads\/2025\/05\/2-15.png\",\"datePublished\":\"2025-05-22T07:42:38+00:00\",\"dateModified\":\"2026-04-10T11:27:25+00:00\",\"breadcrumb\":{\"@id\":\"https:\/\/eurel.shop\/product\/pametni-kuhalnik-jajc-kj42\/#breadcrumb\"},\"inLanguage\":\"de\",\"potentialAction\":[{\"@type\":\"ReadAction\",\"target\":[\"https:\/\/eurel.shop\/product\/pametni-kuhalnik-jajc-kj42\/\"]}]},{\"@type\":\"ImageObject\",\"inLanguage\":\"de\",\"@id\":\"https:\/\/eurel.shop\/product\/pametni-kuhalnik-jajc-kj42\/#primaryimage\",\"url\":\"https:\/\/eurel.shop\/wp-content\/uploads\/2025\/05\/2-15.png\",\"contentUrl\":\"https:\/\/eurel.shop\/wp-content\/uploads\/2025\/05\/2-15.png\",\"width\":2000,\"height\":2000},{\"@type\":\"BreadcrumbList\",\"@id\":\"https:\/\/eurel.shop\/product\/pametni-kuhalnik-jajc-kj42\/#breadcrumb\",\"itemListElement\":[{\"@type\":\"ListItem\",\"position\":1,\"name\":\"Home\",\"item\":\"https:\/\/eurel.shop\/\"},{\"@type\":\"ListItem\",\"position\":2,\"name\":\"Shop\",\"item\":\"https:\/\/eurel.shop\/shop\/\"},{\"@type\":\"ListItem\",\"position\":3,\"name\":\"Pametni kuhalnik jajc KJ42 3v1\"}]},{\"@type\":\"WebSite\",\"@id\":\"https:\/\/eurel.shop\/#website\",\"url\":\"https:\/\/eurel.shop\/\",\"name\":\"Eurel\",\"description\":\"Va&scaron;i zanesljivi pomo\u010dniki v kuhinji\",\"publisher\":{\"@id\":\"https:\/\/eurel.shop\/#organization\"},\"potentialAction\":[{\"@type\":\"SearchAction\",\"target\":{\"@type\":\"EntryPoint\",\"urlTemplate\":\"https:\/\/eurel.shop\/?s={search_term_string}\"},\"query-input\":{\"@type\":\"PropertyValueSpecification\",\"valueRequired\":true,\"valueName\":\"search_term_string\"}}],\"inLanguage\":\"de\"},{\"@type\":\"Organization\",\"@id\":\"https:\/\/eurel.shop\/#organization\",\"name\":\"Eurel\",\"url\":\"https:\/\/eurel.shop\/\",\"logo\":{\"@type\":\"ImageObject\",\"inLanguage\":\"de\",\"@id\":\"https:\/\/eurel.shop\/#\/schema\/logo\/image\/\",\"url\":\"https:\/\/eurel.shop\/wp-content\/uploads\/2025\/03\/eurel_logo_white.png\",\"contentUrl\":\"https:\/\/eurel.shop\/wp-content\/uploads\/2025\/03\/eurel_logo_white.png\",\"width\":200,\"height\":56,\"caption\":\"Eurel\"},\"image\":{\"@id\":\"https:\/\/eurel.shop\/#\/schema\/logo\/image\/\"},\"sameAs\":[\"https:\/\/www.facebook.com\/eurelproducts\",\"https:\/\/www.instagram.com\/eurelproducts\"]}]}<\/script>\n<!-- \/ Yoast SEO plugin. -->","yoast_head_json":{"title":"KJ42 3in1 Smart Eierkocher - Eurel","robots":{"index":"index","follow":"follow","max-snippet":"max-snippet:-1","max-image-preview":"max-image-preview:large","max-video-preview":"max-video-preview:-1"},"canonical":"https:\/\/eurel.shop\/de\/produkt-2\/kj42-intelligenter-eierkocher\/","og_locale":"de_DE","og_type":"article","og_title":"Pametni kuhalnik jajc KJ42 3v1 - Eurel","og_description":"EUREL Pametni kuhalnik jajc KJ42 3v1 - nepogre\u0161ljiv kuhinjski pomo\u010dnik za hitro, enostavno in natan\u010dno pripravo mehko, srednje ali trdo kuhanih jajc.  Z inovativnim dizajnom, glasovnimi opozorili v dveh jezikih, grelno plo\u0161\u010do s kerami\u010dnim premazom in enostavno uporabo omogo\u010da popolne rezultate kuhanja jajc.","og_url":"https:\/\/eurel.shop\/de\/produkt-2\/kj42-intelligenter-eierkocher\/","og_site_name":"Eurel","article_publisher":"https:\/\/www.facebook.com\/eurelproducts","article_modified_time":"2026-04-10T11:27:25+00:00","og_image":[{"width":2000,"height":2000,"url":"https:\/\/eurel.shop\/wp-content\/uploads\/2025\/05\/2-15.png","type":"image\/png"}],"twitter_card":"summary_large_image","twitter_misc":{"Gesch\u00e4tzte Lesezeit":"1\u00a0Minute"},"schema":{"@context":"https:\/\/schema.org","@graph":[{"@type":"WebPage","@id":"https:\/\/eurel.shop\/product\/pametni-kuhalnik-jajc-kj42\/","url":"https:\/\/eurel.shop\/product\/pametni-kuhalnik-jajc-kj42\/","name":"KJ42 3in1 Smart Eierkocher - Eurel","isPartOf":{"@id":"https:\/\/eurel.shop\/#website"},"primaryImageOfPage":{"@id":"https:\/\/eurel.shop\/product\/pametni-kuhalnik-jajc-kj42\/#primaryimage"},"image":{"@id":"https:\/\/eurel.shop\/product\/pametni-kuhalnik-jajc-kj42\/#primaryimage"},"thumbnailUrl":"https:\/\/eurel.shop\/wp-content\/uploads\/2025\/05\/2-15.png","datePublished":"2025-05-22T07:42:38+00:00","dateModified":"2026-04-10T11:27:25+00:00","breadcrumb":{"@id":"https:\/\/eurel.shop\/product\/pametni-kuhalnik-jajc-kj42\/#breadcrumb"},"inLanguage":"de","potentialAction":[{"@type":"ReadAction","target":["https:\/\/eurel.shop\/product\/pametni-kuhalnik-jajc-kj42\/"]}]},{"@type":"ImageObject","inLanguage":"de","@id":"https:\/\/eurel.shop\/product\/pametni-kuhalnik-jajc-kj42\/#primaryimage","url":"https:\/\/eurel.shop\/wp-content\/uploads\/2025\/05\/2-15.png","contentUrl":"https:\/\/eurel.shop\/wp-content\/uploads\/2025\/05\/2-15.png","width":2000,"height":2000},{"@type":"BreadcrumbList","@id":"https:\/\/eurel.shop\/product\/pametni-kuhalnik-jajc-kj42\/#breadcrumb","itemListElement":[{"@type":"ListItem","position":1,"name":"Home","item":"https:\/\/eurel.shop\/"},{"@type":"ListItem","position":2,"name":"Shop","item":"https:\/\/eurel.shop\/shop\/"},{"@type":"ListItem","position":3,"name":"Pametni kuhalnik jajc KJ42 3v1"}]},{"@type":"WebSite","@id":"https:\/\/eurel.shop\/#website","url":"https:\/\/eurel.shop\/","name":"Eurel","description":"Ihre zuverl\u00e4ssigen K\u00fcchenhelfer","publisher":{"@id":"https:\/\/eurel.shop\/#organization"},"potentialAction":[{"@type":"SearchAction","target":{"@type":"EntryPoint","urlTemplate":"https:\/\/eurel.shop\/?s={search_term_string}"},"query-input":{"@type":"PropertyValueSpecification","valueRequired":true,"valueName":"search_term_string"}}],"inLanguage":"de"},{"@type":"Organization","@id":"https:\/\/eurel.shop\/#organization","name":"Eurel","url":"https:\/\/eurel.shop\/","logo":{"@type":"ImageObject","inLanguage":"de","@id":"https:\/\/eurel.shop\/#\/schema\/logo\/image\/","url":"https:\/\/eurel.shop\/wp-content\/uploads\/2025\/03\/eurel_logo_white.png","contentUrl":"https:\/\/eurel.shop\/wp-content\/uploads\/2025\/03\/eurel_logo_white.png","width":200,"height":56,"caption":"Eurel"},"image":{"@id":"https:\/\/eurel.shop\/#\/schema\/logo\/image\/"},"sameAs":["https:\/\/www.facebook.com\/eurelproducts","https:\/\/www.instagram.com\/eurelproducts"]}]}},"_links":{"self":[{"href":"https:\/\/eurel.shop\/de\/wp-json\/wp\/v2\/product\/1317","targetHints":{"allow":["GET"]}}],"collection":[{"href":"https:\/\/eurel.shop\/de\/wp-json\/wp\/v2\/product"}],"about":[{"href":"https:\/\/eurel.shop\/de\/wp-json\/wp\/v2\/types\/product"}],"wp:featuredmedia":[{"embeddable":true,"href":"https:\/\/eurel.shop\/de\/wp-json\/wp\/v2\/media\/1319"}],"wp:attachment":[{"href":"https:\/\/eurel.shop\/de\/wp-json\/wp\/v2\/media?parent=1317"}],"wp:term":[{"taxonomy":"product_brand","embeddable":true,"href":"https:\/\/eurel.shop\/de\/wp-json\/wp\/v2\/product_brand?post=1317"},{"taxonomy":"product_cat","embeddable":true,"href":"https:\/\/eurel.shop\/de\/wp-json\/wp\/v2\/product_cat?post=1317"},{"taxonomy":"product_tag","embeddable":true,"href":"https:\/\/eurel.shop\/de\/wp-json\/wp\/v2\/product_tag?post=1317"}],"curies":[{"name":"wp","href":"https:\/\/api.w.org\/{rel}","templated":true}]}}