{"id":2183,"date":"2026-03-23T09:37:44","date_gmt":"2026-03-23T08:37:44","guid":{"rendered":"https:\/\/eurel.shop\/"},"modified":"2026-03-23T14:45:30","modified_gmt":"2026-03-23T13:45:30","slug":"rs104-pro-eurel-schneider","status":"publish","type":"product","link":"https:\/\/eurel.shop\/de\/produkt-2\/rs104-pro-eurel-schneider\/","title":{"rendered":"Schneideger\u00e4t RS104 PRO EUREL"},"content":{"rendered":"","protected":false},"excerpt":{"rendered":"<p data-start=\"106\" data-end=\"139\"><strong data-start=\"106\" data-end=\"139\">Cutter RS104 PRO EUREL - mit<\/strong>ein leistungsstarker und eleganter Salamore, geeignet f\u00fcr den privaten und professionellen Gebrauch<\/p>\n<ul data-start=\"141\" data-end=\"720\">\n<li data-section-id=\"134t8xr\" data-start=\"227\" data-end=\"269\">Italienische INOX-Klinge mit 250 mm Durchmesser<\/li>\n<li data-section-id=\"kjorpm\" data-start=\"270\" data-end=\"315\">Schnittst\u00e4rkeneinstellung von 1 bis 12 mm<\/li>\n<li data-section-id=\"18mf2l9\" data-start=\"316\" data-end=\"364\">Eingebauter Sch\u00e4rfer f\u00fcr optimale Klingensch\u00e4rfe<\/li>\n<li data-section-id=\"1q01aud\" data-start=\"365\" data-end=\"419\">Robustes Metallgeh\u00e4use f\u00fcr lange Lebensdauer<\/li>\n<li data-section-id=\"1bpvu\" data-start=\"420\" data-end=\"454\">Stabile Beine f\u00fcr sicheren Gebrauch<\/li>\n<li data-section-id=\"690bzx\" data-start=\"455\" data-end=\"514\">Geneigte Arbeitsfl\u00e4che f\u00fcr leichteres und bequemeres Schneiden<\/li>\n<li data-section-id=\"59issq\" data-start=\"515\" data-end=\"554\">Rostfreies Tablett f\u00fcr hygienisches Arbeiten<\/li>\n<li data-section-id=\"17n7rcv\" data-start=\"555\" data-end=\"614\">Professionell bel\u00fcfteter Motor f\u00fcr zuverl\u00e4ssige Leistung<\/li>\n<li data-section-id=\"dlgtbc\" data-start=\"615\" data-end=\"661\">Klingenschutzring f\u00fcr mehr Schutz<\/li>\n<li data-section-id=\"1n8mxih\" data-start=\"662\" data-end=\"720\">Easy-Clean-System f\u00fcr einfache Reinigung und Wartung<\/li>\n<\/ul>","protected":false},"featured_media":2182,"template":"","meta":[],"product_brand":[],"product_cat":[50],"product_tag":[43],"class_list":{"0":"post-2183","1":"product","2":"type-product","3":"status-publish","4":"has-post-thumbnail","6":"product_cat-rezalniki-pro","7":"product_tag-premiumline","9":"first","10":"instock","11":"taxable","12":"shipping-taxable","13":"purchasable","14":"product-type-simple"},"yoast_head":"<!-- This site is optimized with the Yoast SEO plugin v27.0 - https:\/\/yoast.com\/product\/yoast-seo-wordpress\/ -->\n<title>Rezalnik RS104 PRO EUREL - Eurel<\/title>\n<meta name=\"robots\" content=\"index, follow, max-snippet:-1, max-image-preview:large, max-video-preview:-1\" \/>\n<link rel=\"canonical\" href=\"https:\/\/eurel.shop\/de\/produkt-2\/rs104-pro-eurel-schneider\/\" \/>\n<meta property=\"og:locale\" content=\"de_DE\" \/>\n<meta property=\"og:type\" content=\"article\" \/>\n<meta property=\"og:title\" content=\"Rezalnik RS104 PRO EUREL - Eurel\" \/>\n<meta property=\"og:description\" content=\"Rezalnik\u00a0 RS104 PRO EUREL -\u00a0 zmogljiva in elegantna salamoreznica, primerna za doma\u010do in profesionalno uporabo    Italijansko INOX rezilo premera 250 mm  Nastavitev debeline rezanja od 1 do 12 mm  Vgrajen brusilec za optimalno ostrino rezila  Robustno kovinsko ohi\u0161je za dolgo \u017eivljenjsko dobo  Stabilne noge za varno uporabo  Nagnjena delovna povr\u0161ina za la\u017eje in udobnej\u0161e rezanje  Rostfrei pladenj za higieni\u010dno delo  Profesionalno prezra\u010devan motor za zanesljivo delovanje  Varnostni obro\u010d za rezilo za ve\u010djo za\u0161\u010dito  Easy-Clean sistem za enostavno \u010di\u0161\u010denje in vzdr\u017eevanje\" \/>\n<meta property=\"og:url\" content=\"https:\/\/eurel.shop\/de\/produkt-2\/rs104-pro-eurel-schneider\/\" \/>\n<meta property=\"og:site_name\" content=\"Eurel\" \/>\n<meta property=\"article:publisher\" content=\"https:\/\/www.facebook.com\/eurelproducts\" \/>\n<meta property=\"article:modified_time\" content=\"2026-03-23T13:45:30+00:00\" \/>\n<meta property=\"og:image\" content=\"https:\/\/eurel.shop\/wp-content\/uploads\/2026\/03\/Image-006645-scaled.jpg\" \/>\n\t<meta property=\"og:image:width\" content=\"2560\" \/>\n\t<meta property=\"og:image:height\" content=\"1965\" \/>\n\t<meta property=\"og:image:type\" content=\"image\/jpeg\" \/>\n<meta name=\"twitter:card\" content=\"summary_large_image\" \/>\n<meta name=\"twitter:label1\" content=\"Gesch\u00e4tzte Lesezeit\" \/>\n\t<meta name=\"twitter:data1\" content=\"1\u00a0Minute\" \/>\n<script type=\"application\/ld+json\" class=\"yoast-schema-graph\">{\"@context\":\"https:\/\/schema.org\",\"@graph\":[{\"@type\":\"WebPage\",\"@id\":\"https:\/\/eurel.shop\/product\/rezalnik-rs104-pro-eurel\/\",\"url\":\"https:\/\/eurel.shop\/product\/rezalnik-rs104-pro-eurel\/\",\"name\":\"Rezalnik RS104 PRO EUREL - Eurel\",\"isPartOf\":{\"@id\":\"https:\/\/eurel.shop\/#website\"},\"primaryImageOfPage\":{\"@id\":\"https:\/\/eurel.shop\/product\/rezalnik-rs104-pro-eurel\/#primaryimage\"},\"image\":{\"@id\":\"https:\/\/eurel.shop\/product\/rezalnik-rs104-pro-eurel\/#primaryimage\"},\"thumbnailUrl\":\"https:\/\/eurel.shop\/wp-content\/uploads\/2026\/03\/Image-006645-scaled.jpg\",\"datePublished\":\"2026-03-23T08:37:44+00:00\",\"dateModified\":\"2026-03-23T13:45:30+00:00\",\"breadcrumb\":{\"@id\":\"https:\/\/eurel.shop\/product\/rezalnik-rs104-pro-eurel\/#breadcrumb\"},\"inLanguage\":\"de\",\"potentialAction\":[{\"@type\":\"ReadAction\",\"target\":[\"https:\/\/eurel.shop\/product\/rezalnik-rs104-pro-eurel\/\"]}]},{\"@type\":\"ImageObject\",\"inLanguage\":\"de\",\"@id\":\"https:\/\/eurel.shop\/product\/rezalnik-rs104-pro-eurel\/#primaryimage\",\"url\":\"https:\/\/eurel.shop\/wp-content\/uploads\/2026\/03\/Image-006645-scaled.jpg\",\"contentUrl\":\"https:\/\/eurel.shop\/wp-content\/uploads\/2026\/03\/Image-006645-scaled.jpg\",\"width\":2560,\"height\":1965,\"caption\":\"Rezalnik RS104\"},{\"@type\":\"BreadcrumbList\",\"@id\":\"https:\/\/eurel.shop\/product\/rezalnik-rs104-pro-eurel\/#breadcrumb\",\"itemListElement\":[{\"@type\":\"ListItem\",\"position\":1,\"name\":\"Home\",\"item\":\"https:\/\/eurel.shop\/\"},{\"@type\":\"ListItem\",\"position\":2,\"name\":\"Shop\",\"item\":\"https:\/\/eurel.shop\/shop\/\"},{\"@type\":\"ListItem\",\"position\":3,\"name\":\"Rezalnik RS104 PRO EUREL\"}]},{\"@type\":\"WebSite\",\"@id\":\"https:\/\/eurel.shop\/#website\",\"url\":\"https:\/\/eurel.shop\/\",\"name\":\"Eurel\",\"description\":\"Va&scaron;i zanesljivi pomo\u010dniki v kuhinji\",\"publisher\":{\"@id\":\"https:\/\/eurel.shop\/#organization\"},\"potentialAction\":[{\"@type\":\"SearchAction\",\"target\":{\"@type\":\"EntryPoint\",\"urlTemplate\":\"https:\/\/eurel.shop\/?s={search_term_string}\"},\"query-input\":{\"@type\":\"PropertyValueSpecification\",\"valueRequired\":true,\"valueName\":\"search_term_string\"}}],\"inLanguage\":\"de\"},{\"@type\":\"Organization\",\"@id\":\"https:\/\/eurel.shop\/#organization\",\"name\":\"Eurel\",\"url\":\"https:\/\/eurel.shop\/\",\"logo\":{\"@type\":\"ImageObject\",\"inLanguage\":\"de\",\"@id\":\"https:\/\/eurel.shop\/#\/schema\/logo\/image\/\",\"url\":\"https:\/\/eurel.shop\/wp-content\/uploads\/2025\/03\/eurel_logo_white.png\",\"contentUrl\":\"https:\/\/eurel.shop\/wp-content\/uploads\/2025\/03\/eurel_logo_white.png\",\"width\":200,\"height\":56,\"caption\":\"Eurel\"},\"image\":{\"@id\":\"https:\/\/eurel.shop\/#\/schema\/logo\/image\/\"},\"sameAs\":[\"https:\/\/www.facebook.com\/eurelproducts\",\"https:\/\/www.instagram.com\/eurelproducts\"]}]}<\/script>\n<!-- \/ Yoast SEO plugin. -->","yoast_head_json":{"title":"Schneidemaschine RS104 PRO EUREL - Eurel","robots":{"index":"index","follow":"follow","max-snippet":"max-snippet:-1","max-image-preview":"max-image-preview:large","max-video-preview":"max-video-preview:-1"},"canonical":"https:\/\/eurel.shop\/de\/produkt-2\/rs104-pro-eurel-schneider\/","og_locale":"de_DE","og_type":"article","og_title":"Rezalnik RS104 PRO EUREL - Eurel","og_description":"Rezalnik\u00a0 RS104 PRO EUREL -\u00a0 zmogljiva in elegantna salamoreznica, primerna za doma\u010do in profesionalno uporabo    Italijansko INOX rezilo premera 250 mm  Nastavitev debeline rezanja od 1 do 12 mm  Vgrajen brusilec za optimalno ostrino rezila  Robustno kovinsko ohi\u0161je za dolgo \u017eivljenjsko dobo  Stabilne noge za varno uporabo  Nagnjena delovna povr\u0161ina za la\u017eje in udobnej\u0161e rezanje  Rostfrei pladenj za higieni\u010dno delo  Profesionalno prezra\u010devan motor za zanesljivo delovanje  Varnostni obro\u010d za rezilo za ve\u010djo za\u0161\u010dito  Easy-Clean sistem za enostavno \u010di\u0161\u010denje in vzdr\u017eevanje","og_url":"https:\/\/eurel.shop\/de\/produkt-2\/rs104-pro-eurel-schneider\/","og_site_name":"Eurel","article_publisher":"https:\/\/www.facebook.com\/eurelproducts","article_modified_time":"2026-03-23T13:45:30+00:00","og_image":[{"width":2560,"height":1965,"url":"https:\/\/eurel.shop\/wp-content\/uploads\/2026\/03\/Image-006645-scaled.jpg","type":"image\/jpeg"}],"twitter_card":"summary_large_image","twitter_misc":{"Gesch\u00e4tzte Lesezeit":"1\u00a0Minute"},"schema":{"@context":"https:\/\/schema.org","@graph":[{"@type":"WebPage","@id":"https:\/\/eurel.shop\/product\/rezalnik-rs104-pro-eurel\/","url":"https:\/\/eurel.shop\/product\/rezalnik-rs104-pro-eurel\/","name":"Schneidemaschine RS104 PRO EUREL - Eurel","isPartOf":{"@id":"https:\/\/eurel.shop\/#website"},"primaryImageOfPage":{"@id":"https:\/\/eurel.shop\/product\/rezalnik-rs104-pro-eurel\/#primaryimage"},"image":{"@id":"https:\/\/eurel.shop\/product\/rezalnik-rs104-pro-eurel\/#primaryimage"},"thumbnailUrl":"https:\/\/eurel.shop\/wp-content\/uploads\/2026\/03\/Image-006645-scaled.jpg","datePublished":"2026-03-23T08:37:44+00:00","dateModified":"2026-03-23T13:45:30+00:00","breadcrumb":{"@id":"https:\/\/eurel.shop\/product\/rezalnik-rs104-pro-eurel\/#breadcrumb"},"inLanguage":"de","potentialAction":[{"@type":"ReadAction","target":["https:\/\/eurel.shop\/product\/rezalnik-rs104-pro-eurel\/"]}]},{"@type":"ImageObject","inLanguage":"de","@id":"https:\/\/eurel.shop\/product\/rezalnik-rs104-pro-eurel\/#primaryimage","url":"https:\/\/eurel.shop\/wp-content\/uploads\/2026\/03\/Image-006645-scaled.jpg","contentUrl":"https:\/\/eurel.shop\/wp-content\/uploads\/2026\/03\/Image-006645-scaled.jpg","width":2560,"height":1965,"caption":"Rezalnik RS104"},{"@type":"BreadcrumbList","@id":"https:\/\/eurel.shop\/product\/rezalnik-rs104-pro-eurel\/#breadcrumb","itemListElement":[{"@type":"ListItem","position":1,"name":"Home","item":"https:\/\/eurel.shop\/"},{"@type":"ListItem","position":2,"name":"Shop","item":"https:\/\/eurel.shop\/shop\/"},{"@type":"ListItem","position":3,"name":"Rezalnik RS104 PRO EUREL"}]},{"@type":"WebSite","@id":"https:\/\/eurel.shop\/#website","url":"https:\/\/eurel.shop\/","name":"Eurel","description":"Ihre zuverl\u00e4ssigen K\u00fcchenhelfer","publisher":{"@id":"https:\/\/eurel.shop\/#organization"},"potentialAction":[{"@type":"SearchAction","target":{"@type":"EntryPoint","urlTemplate":"https:\/\/eurel.shop\/?s={search_term_string}"},"query-input":{"@type":"PropertyValueSpecification","valueRequired":true,"valueName":"search_term_string"}}],"inLanguage":"de"},{"@type":"Organization","@id":"https:\/\/eurel.shop\/#organization","name":"Eurel","url":"https:\/\/eurel.shop\/","logo":{"@type":"ImageObject","inLanguage":"de","@id":"https:\/\/eurel.shop\/#\/schema\/logo\/image\/","url":"https:\/\/eurel.shop\/wp-content\/uploads\/2025\/03\/eurel_logo_white.png","contentUrl":"https:\/\/eurel.shop\/wp-content\/uploads\/2025\/03\/eurel_logo_white.png","width":200,"height":56,"caption":"Eurel"},"image":{"@id":"https:\/\/eurel.shop\/#\/schema\/logo\/image\/"},"sameAs":["https:\/\/www.facebook.com\/eurelproducts","https:\/\/www.instagram.com\/eurelproducts"]}]}},"_links":{"self":[{"href":"https:\/\/eurel.shop\/de\/wp-json\/wp\/v2\/product\/2183","targetHints":{"allow":["GET"]}}],"collection":[{"href":"https:\/\/eurel.shop\/de\/wp-json\/wp\/v2\/product"}],"about":[{"href":"https:\/\/eurel.shop\/de\/wp-json\/wp\/v2\/types\/product"}],"wp:featuredmedia":[{"embeddable":true,"href":"https:\/\/eurel.shop\/de\/wp-json\/wp\/v2\/media\/2182"}],"wp:attachment":[{"href":"https:\/\/eurel.shop\/de\/wp-json\/wp\/v2\/media?parent=2183"}],"wp:term":[{"taxonomy":"product_brand","embeddable":true,"href":"https:\/\/eurel.shop\/de\/wp-json\/wp\/v2\/product_brand?post=2183"},{"taxonomy":"product_cat","embeddable":true,"href":"https:\/\/eurel.shop\/de\/wp-json\/wp\/v2\/product_cat?post=2183"},{"taxonomy":"product_tag","embeddable":true,"href":"https:\/\/eurel.shop\/de\/wp-json\/wp\/v2\/product_tag?post=2183"}],"curies":[{"name":"wp","href":"https:\/\/api.w.org\/{rel}","templated":true}]}}