{"id":930,"date":"2025-05-19T09:00:34","date_gmt":"2025-05-19T07:00:34","guid":{"rendered":"https:\/\/eurel.shop\/?page_id=930"},"modified":"2025-09-10T13:55:54","modified_gmt":"2025-09-10T11:55:54","slug":"about-us","status":"publish","type":"page","link":"https:\/\/eurel.shop\/en\/about-us\/","title":{"rendered":"About us"},"content":{"rendered":"<div data-elementor-type=\"wp-page\" data-elementor-id=\"930\" class=\"elementor elementor-930\" data-elementor-post-type=\"page\">\n\t\t\t\t<div class=\"elementor-element elementor-element-86e6cbb e-flex e-con-boxed e-con e-parent\" data-id=\"86e6cbb\" data-element_type=\"container\" data-e-type=\"container\">\n\t\t\t\t\t<div class=\"e-con-inner\">\n\t\t\t\t<div class=\"elementor-element elementor-element-506ebbf elementor-widget elementor-widget-heading\" data-id=\"506ebbf\" data-element_type=\"widget\" data-e-type=\"widget\" data-widget_type=\"heading.default\">\n\t\t\t\t<div class=\"elementor-widget-container\">\n\t\t\t\t\t<h2 class=\"elementor-heading-title elementor-size-default\">About us<\/h2>\t\t\t\t<\/div>\n\t\t\t\t<\/div>\n\t\t\t\t\t<\/div>\n\t\t\t\t<\/div>\n\t\t<div class=\"elementor-element elementor-element-805a887 e-flex e-con-boxed e-con e-parent\" data-id=\"805a887\" data-element_type=\"container\" data-e-type=\"container\" data-settings=\"{&quot;background_background&quot;:&quot;classic&quot;}\">\n\t\t\t\t\t<div class=\"e-con-inner\">\n\t\t<div class=\"elementor-element elementor-element-a0b1728 e-con-full e-flex e-con e-child\" data-id=\"a0b1728\" data-element_type=\"container\" data-e-type=\"container\">\n\t\t\t\t<div class=\"elementor-element elementor-element-cd50fa7 elementor-widget elementor-widget-heading\" data-id=\"cd50fa7\" data-element_type=\"widget\" data-e-type=\"widget\" data-widget_type=\"heading.default\">\n\t\t\t\t<div class=\"elementor-widget-container\">\n\t\t\t\t\t<h2 class=\"elementor-heading-title elementor-size-default\">Traditional knowledge.\nAn innovative future.<\/h2>\t\t\t\t<\/div>\n\t\t\t\t<\/div>\n\t\t\t\t<div class=\"elementor-element elementor-element-046c292 elementor-widget elementor-widget-text-editor\" data-id=\"046c292\" data-element_type=\"widget\" data-e-type=\"widget\" data-widget_type=\"text-editor.default\">\n\t\t\t\t<div class=\"elementor-widget-container\">\n\t\t\t\t\t\t\t\t\t<p>With more than 30 years of experience, EUREL is a recognised and trusted partner in the development and production of small household appliances and electromechanical and mechatronic<br \/>components, assemblies and devices, as well as finished products for a wide range of industries.<\/p>\t\t\t\t\t\t\t\t<\/div>\n\t\t\t\t<\/div>\n\t\t\t\t<\/div>\n\t\t<div class=\"elementor-element elementor-element-07ac7c4 e-con-full e-flex e-con e-child\" data-id=\"07ac7c4\" data-element_type=\"container\" data-e-type=\"container\">\n\t\t\t\t<div class=\"elementor-element elementor-element-ffb9f54 elementor-widget elementor-widget-image\" data-id=\"ffb9f54\" data-element_type=\"widget\" data-e-type=\"widget\" data-widget_type=\"image.default\">\n\t\t\t\t<div class=\"elementor-widget-container\">\n\t\t\t\t\t\t\t\t\t\t\t\t\t\t\t<img fetchpriority=\"high\" decoding=\"async\" width=\"1586\" height=\"1125\" src=\"https:\/\/eurel.shop\/wp-content\/uploads\/2025\/05\/image-10.png\" class=\"attachment-full size-full wp-image-1411\" alt=\"\" srcset=\"https:\/\/eurel.shop\/wp-content\/uploads\/2025\/05\/image-10.png 1586w, https:\/\/eurel.shop\/wp-content\/uploads\/2025\/05\/image-10-300x213.png 300w, https:\/\/eurel.shop\/wp-content\/uploads\/2025\/05\/image-10-1024x726.png 1024w, https:\/\/eurel.shop\/wp-content\/uploads\/2025\/05\/image-10-768x545.png 768w, https:\/\/eurel.shop\/wp-content\/uploads\/2025\/05\/image-10-1536x1090.png 1536w, https:\/\/eurel.shop\/wp-content\/uploads\/2025\/05\/image-10-18x12.png 18w, https:\/\/eurel.shop\/wp-content\/uploads\/2025\/05\/image-10-600x426.png 600w\" sizes=\"(max-width: 1586px) 100vw, 1586px\" \/>\t\t\t\t\t\t\t\t\t\t\t\t\t\t\t<\/div>\n\t\t\t\t<\/div>\n\t\t\t\t<\/div>\n\t\t\t\t\t<\/div>\n\t\t\t\t<\/div>\n\t\t<div class=\"elementor-element elementor-element-1c74905 e-flex e-con-boxed e-con e-parent\" data-id=\"1c74905\" data-element_type=\"container\" data-e-type=\"container\">\n\t\t\t\t\t<div class=\"e-con-inner\">\n\t\t<div class=\"elementor-element elementor-element-95a8267 e-con-full e-flex e-con e-child\" data-id=\"95a8267\" data-element_type=\"container\" data-e-type=\"container\">\n\t\t\t\t<div class=\"elementor-element elementor-element-abe7af4 elementor-widget elementor-widget-image\" data-id=\"abe7af4\" data-element_type=\"widget\" data-e-type=\"widget\" data-widget_type=\"image.default\">\n\t\t\t\t<div class=\"elementor-widget-container\">\n\t\t\t\t\t\t\t\t\t\t\t\t\t\t\t<img decoding=\"async\" width=\"2560\" height=\"1707\" src=\"https:\/\/eurel.shop\/wp-content\/uploads\/2025\/05\/eurel_proizvodnja_25-scaled.jpg\" class=\"attachment-full size-full wp-image-1371\" alt=\"\" srcset=\"https:\/\/eurel.shop\/wp-content\/uploads\/2025\/05\/eurel_proizvodnja_25-scaled.jpg 2560w, https:\/\/eurel.shop\/wp-content\/uploads\/2025\/05\/eurel_proizvodnja_25-300x200.jpg 300w, https:\/\/eurel.shop\/wp-content\/uploads\/2025\/05\/eurel_proizvodnja_25-1024x683.jpg 1024w, https:\/\/eurel.shop\/wp-content\/uploads\/2025\/05\/eurel_proizvodnja_25-768x512.jpg 768w, https:\/\/eurel.shop\/wp-content\/uploads\/2025\/05\/eurel_proizvodnja_25-1536x1024.jpg 1536w, https:\/\/eurel.shop\/wp-content\/uploads\/2025\/05\/eurel_proizvodnja_25-2048x1365.jpg 2048w, https:\/\/eurel.shop\/wp-content\/uploads\/2025\/05\/eurel_proizvodnja_25-18x12.jpg 18w, https:\/\/eurel.shop\/wp-content\/uploads\/2025\/05\/eurel_proizvodnja_25-600x400.jpg 600w\" sizes=\"(max-width: 2560px) 100vw, 2560px\" \/>\t\t\t\t\t\t\t\t\t\t\t\t\t\t\t<\/div>\n\t\t\t\t<\/div>\n\t\t\t\t<\/div>\n\t\t<div class=\"elementor-element elementor-element-79caa66 e-con-full e-flex e-con e-child\" data-id=\"79caa66\" data-element_type=\"container\" data-e-type=\"container\">\n\t\t\t\t<div class=\"elementor-element elementor-element-174d064 elementor-widget elementor-widget-heading\" data-id=\"174d064\" data-element_type=\"widget\" data-e-type=\"widget\" data-widget_type=\"heading.default\">\n\t\t\t\t<div class=\"elementor-widget-container\">\n\t\t\t\t\t<h2 class=\"elementor-heading-title elementor-size-default\">Reliability based on professionalism<\/h2>\t\t\t\t<\/div>\n\t\t\t\t<\/div>\n\t\t\t\t<div class=\"elementor-element elementor-element-8005dec elementor-widget elementor-widget-text-editor\" data-id=\"8005dec\" data-element_type=\"widget\" data-e-type=\"widget\" data-widget_type=\"text-editor.default\">\n\t\t\t\t<div class=\"elementor-widget-container\">\n\t\t\t\t\t\t\t\t\t<p>Thanks to our skilled development team, modern production technology and decades of expertise, we are the ideal partner for innovative and reliable products. With more<br \/>With more than 200 dedicated employees in two countries, we are building a comprehensive and flexible production network that allows for fast flexibility and high delivery reliability. We are constantly striving for improvement, technological advancement and total customer satisfaction.<\/p><p>We specialise in:<br \/><strong>- injection moulding and machining of precision and aesthetic plastic parts,<\/strong><br \/><strong>- manufacture of switchgear, electromechanical products,<\/strong><br \/><strong>- development and production of small household appliances.<\/strong><\/p><p>Our focus is on innovation, development and top quality.<\/p>\t\t\t\t\t\t\t\t<\/div>\n\t\t\t\t<\/div>\n\t\t\t\t<\/div>\n\t\t\t\t\t<\/div>\n\t\t\t\t<\/div>\n\t\t<div class=\"elementor-element elementor-element-f9f2dc3 e-flex e-con-boxed e-con e-parent\" data-id=\"f9f2dc3\" data-element_type=\"container\" data-e-type=\"container\" data-settings=\"{&quot;background_background&quot;:&quot;classic&quot;}\">\n\t\t\t\t\t<div class=\"e-con-inner\">\n\t\t<div class=\"elementor-element elementor-element-4d6dc88 e-con-full e-flex e-con e-child\" data-id=\"4d6dc88\" data-element_type=\"container\" data-e-type=\"container\">\n\t\t\t\t<div class=\"elementor-element elementor-element-620d828 elementor-widget elementor-widget-heading\" data-id=\"620d828\" data-element_type=\"widget\" data-e-type=\"widget\" data-widget_type=\"heading.default\">\n\t\t\t\t<div class=\"elementor-widget-container\">\n\t\t\t\t\t<h2 class=\"elementor-heading-title elementor-size-default\">Developed with knowledge and expertise. Manufactured with reliability. Signed with the EUREL name.<\/h2>\t\t\t\t<\/div>\n\t\t\t\t<\/div>\n\t\t\t\t<div class=\"elementor-element elementor-element-4ac0b13 elementor-widget elementor-widget-text-editor\" data-id=\"4ac0b13\" data-element_type=\"widget\" data-e-type=\"widget\" data-widget_type=\"text-editor.default\">\n\t\t\t\t<div class=\"elementor-widget-container\">\n\t\t\t\t\t\t\t\t\t<p>Our own brand of small kitchen helpers, EUREL, is more than just products - it's a philosophy of freshly prepared food and drinks without compromise. With modern kitchen solutions, it goes beyond everyday limitations and brings more freedom into your everyday life.<\/p><p>Every appliance that bears the EUREL name is a result:<\/p><p><strong>- high development skills,<\/strong><br \/><strong>- planning carefully and responsibly,<\/strong><br \/><strong>- engineering pride and<\/strong><br \/><strong>- quality workmanship.<\/strong><\/p><p>We believe in the power of local knowledge and local production, which is why we are proud that our appliances are largely developed and manufactured in Slovenia, on our own production lines in Polj\u010dany.<\/p>\t\t\t\t\t\t\t\t<\/div>\n\t\t\t\t<\/div>\n\t\t\t\t<\/div>\n\t\t<div class=\"elementor-element elementor-element-a3351ff e-con-full e-flex e-con e-child\" data-id=\"a3351ff\" data-element_type=\"container\" data-e-type=\"container\">\n\t\t\t\t<div class=\"elementor-element elementor-element-16f4d54 elementor-widget elementor-widget-image\" data-id=\"16f4d54\" data-element_type=\"widget\" data-e-type=\"widget\" data-widget_type=\"image.default\">\n\t\t\t\t<div class=\"elementor-widget-container\">\n\t\t\t\t\t\t\t\t\t\t\t\t\t\t\t<img decoding=\"async\" width=\"2560\" height=\"1707\" src=\"https:\/\/eurel.shop\/wp-content\/uploads\/2025\/05\/eurel_proizvodnja_2-scaled.jpg\" class=\"attachment-full size-full wp-image-1369\" alt=\"\" srcset=\"https:\/\/eurel.shop\/wp-content\/uploads\/2025\/05\/eurel_proizvodnja_2-scaled.jpg 2560w, https:\/\/eurel.shop\/wp-content\/uploads\/2025\/05\/eurel_proizvodnja_2-300x200.jpg 300w, https:\/\/eurel.shop\/wp-content\/uploads\/2025\/05\/eurel_proizvodnja_2-1024x683.jpg 1024w, https:\/\/eurel.shop\/wp-content\/uploads\/2025\/05\/eurel_proizvodnja_2-768x512.jpg 768w, https:\/\/eurel.shop\/wp-content\/uploads\/2025\/05\/eurel_proizvodnja_2-1536x1024.jpg 1536w, https:\/\/eurel.shop\/wp-content\/uploads\/2025\/05\/eurel_proizvodnja_2-2048x1365.jpg 2048w, https:\/\/eurel.shop\/wp-content\/uploads\/2025\/05\/eurel_proizvodnja_2-18x12.jpg 18w, https:\/\/eurel.shop\/wp-content\/uploads\/2025\/05\/eurel_proizvodnja_2-600x400.jpg 600w\" sizes=\"(max-width: 2560px) 100vw, 2560px\" \/>\t\t\t\t\t\t\t\t\t\t\t\t\t\t\t<\/div>\n\t\t\t\t<\/div>\n\t\t\t\t<\/div>\n\t\t\t\t\t<\/div>\n\t\t\t\t<\/div>\n\t\t<div class=\"elementor-element elementor-element-927bc13 e-flex e-con-boxed e-con e-parent\" data-id=\"927bc13\" data-element_type=\"container\" data-e-type=\"container\">\n\t\t\t\t\t<div class=\"e-con-inner\">\n\t\t<div class=\"elementor-element elementor-element-3af4610 e-con-full e-flex e-con e-child\" data-id=\"3af4610\" data-element_type=\"container\" data-e-type=\"container\">\n\t\t\t\t<div class=\"elementor-element elementor-element-9de96b4 elementor-widget elementor-widget-image\" data-id=\"9de96b4\" data-element_type=\"widget\" data-e-type=\"widget\" data-widget_type=\"image.default\">\n\t\t\t\t<div class=\"elementor-widget-container\">\n\t\t\t\t\t\t\t\t\t\t\t\t\t\t\t<img loading=\"lazy\" decoding=\"async\" width=\"1984\" height=\"1323\" src=\"https:\/\/eurel.shop\/wp-content\/uploads\/2025\/05\/056-eurel-teren-II.jpg\" class=\"attachment-full size-full wp-image-1366\" alt=\"\" srcset=\"https:\/\/eurel.shop\/wp-content\/uploads\/2025\/05\/056-eurel-teren-II.jpg 1984w, https:\/\/eurel.shop\/wp-content\/uploads\/2025\/05\/056-eurel-teren-II-300x200.jpg 300w, https:\/\/eurel.shop\/wp-content\/uploads\/2025\/05\/056-eurel-teren-II-1024x683.jpg 1024w, https:\/\/eurel.shop\/wp-content\/uploads\/2025\/05\/056-eurel-teren-II-768x512.jpg 768w, https:\/\/eurel.shop\/wp-content\/uploads\/2025\/05\/056-eurel-teren-II-1536x1024.jpg 1536w, https:\/\/eurel.shop\/wp-content\/uploads\/2025\/05\/056-eurel-teren-II-18x12.jpg 18w, https:\/\/eurel.shop\/wp-content\/uploads\/2025\/05\/056-eurel-teren-II-600x400.jpg 600w\" sizes=\"(max-width: 1984px) 100vw, 1984px\" \/>\t\t\t\t\t\t\t\t\t\t\t\t\t\t\t<\/div>\n\t\t\t\t<\/div>\n\t\t\t\t<\/div>\n\t\t<div class=\"elementor-element elementor-element-e08daab e-con-full e-flex e-con e-child\" data-id=\"e08daab\" data-element_type=\"container\" data-e-type=\"container\">\n\t\t\t\t<div class=\"elementor-element elementor-element-ad388f1 elementor-widget elementor-widget-heading\" data-id=\"ad388f1\" data-element_type=\"widget\" data-e-type=\"widget\" data-widget_type=\"heading.default\">\n\t\t\t\t<div class=\"elementor-widget-container\">\n\t\t\t\t\t<h2 class=\"elementor-heading-title elementor-size-default\">More than an appliance - EUREL is a signature of trust<\/h2>\t\t\t\t<\/div>\n\t\t\t\t<\/div>\n\t\t\t\t<div class=\"elementor-element elementor-element-ed32ead elementor-widget elementor-widget-text-editor\" data-id=\"ed32ead\" data-element_type=\"widget\" data-e-type=\"widget\" data-widget_type=\"text-editor.default\">\n\t\t\t\t<div class=\"elementor-widget-container\">\n\t\t\t\t\t\t\t\t\t<p>When you choose a EUREL brand product, you choose a device that has been thoughtfully designed, meticulously engineered, responsibly tested, and backed by more than 30 years of experience.<\/p><p>Find out more about us:<br \/><strong><span style=\"text-decoration: underline\">- <a href=\"https:\/\/eurel.si\">eurel.si<\/a><br \/>- <a href=\"https:\/\/eurel-products.si\">eurel-products.si<\/a><br \/><a href=\"https:\/\/eurel.shop\/en\/\">- eurel.shop<\/a><\/span><\/strong><\/p>\t\t\t\t\t\t\t\t<\/div>\n\t\t\t\t<\/div>\n\t\t\t\t<\/div>\n\t\t\t\t\t<\/div>\n\t\t\t\t<\/div>\n\t\t\t\t<\/div>","protected":false},"excerpt":{"rendered":"<p>O nas Tradicionalno znanje. Inovativna prihodnost. Z ve\u010d kot 30-letnimi izku\u0161njami je EUREL priznan in zaupanja vreden partner na podro\u010dju razvoja in proizvodnje malih gospodinjskih aparatov ter elektromehani\u010dnih in mehatroni\u010dnihelementov, sklopov in naprav, kot tudi kon\u010dnih izdelkov za \u0161irok spekter industrijskih panog. Zanesljivost, ki temelji na strokovnosti Zahvaljujo\u010d na\u0161emu usposobljenemu razvojnemu timu, sodobni proizvodni tehnologiji [&hellip;]<\/p>\n","protected":false},"author":1,"featured_media":0,"parent":0,"menu_order":0,"comment_status":"closed","ping_status":"closed","template":"elementor_header_footer","meta":{"footnotes":""},"class_list":["post-930","page","type-page","status-publish","hentry"],"yoast_head":"<!-- This site is optimized with the Yoast SEO plugin v27.0 - https:\/\/yoast.com\/product\/yoast-seo-wordpress\/ -->\n<title>O nas - Eurel<\/title>\n<meta name=\"description\" content=\"Eurel \u2013 kakovostni kuhinjski aparati za vsak dom. Spoznajte na\u0161o vizijo, inovacije in predanost ustvarjanju zanesljivih izdelkov za la\u017eje vsakdanje \u017eivljenje.\" \/>\n<meta name=\"robots\" content=\"index, follow, max-snippet:-1, max-image-preview:large, max-video-preview:-1\" \/>\n<link rel=\"canonical\" href=\"https:\/\/eurel.shop\/en\/about-us\/\" \/>\n<meta property=\"og:locale\" content=\"en_GB\" \/>\n<meta property=\"og:type\" content=\"article\" \/>\n<meta property=\"og:title\" content=\"O nas - Eurel\" \/>\n<meta property=\"og:description\" content=\"Eurel \u2013 kakovostni kuhinjski aparati za vsak dom. Spoznajte na\u0161o vizijo, inovacije in predanost ustvarjanju zanesljivih izdelkov za la\u017eje vsakdanje \u017eivljenje.\" \/>\n<meta property=\"og:url\" content=\"https:\/\/eurel.shop\/en\/about-us\/\" \/>\n<meta property=\"og:site_name\" content=\"Eurel\" \/>\n<meta property=\"article:publisher\" content=\"https:\/\/www.facebook.com\/eurelproducts\" \/>\n<meta property=\"article:modified_time\" content=\"2025-09-10T11:55:54+00:00\" \/>\n<meta property=\"og:image\" content=\"https:\/\/eurel.shop\/wp-content\/uploads\/2025\/05\/image-10.png\" \/>\n<meta name=\"twitter:card\" content=\"summary_large_image\" \/>\n<meta name=\"twitter:label1\" content=\"Est. reading time\" \/>\n\t<meta name=\"twitter:data1\" content=\"2 minutes\" \/>\n<script type=\"application\/ld+json\" class=\"yoast-schema-graph\">{\"@context\":\"https:\/\/schema.org\",\"@graph\":[{\"@type\":\"WebPage\",\"@id\":\"https:\/\/eurel.shop\/o-nas\/\",\"url\":\"https:\/\/eurel.shop\/o-nas\/\",\"name\":\"O nas - Eurel\",\"isPartOf\":{\"@id\":\"https:\/\/eurel.shop\/#website\"},\"primaryImageOfPage\":{\"@id\":\"https:\/\/eurel.shop\/o-nas\/#primaryimage\"},\"image\":{\"@id\":\"https:\/\/eurel.shop\/o-nas\/#primaryimage\"},\"thumbnailUrl\":\"https:\/\/eurel.shop\/wp-content\/uploads\/2025\/05\/image-10.png\",\"datePublished\":\"2025-05-19T07:00:34+00:00\",\"dateModified\":\"2025-09-10T11:55:54+00:00\",\"description\":\"Eurel \u2013 kakovostni kuhinjski aparati za vsak dom. Spoznajte na\u0161o vizijo, inovacije in predanost ustvarjanju zanesljivih izdelkov za la\u017eje vsakdanje \u017eivljenje.\",\"breadcrumb\":{\"@id\":\"https:\/\/eurel.shop\/o-nas\/#breadcrumb\"},\"inLanguage\":\"en-GB\",\"potentialAction\":[{\"@type\":\"ReadAction\",\"target\":[\"https:\/\/eurel.shop\/o-nas\/\"]}]},{\"@type\":\"ImageObject\",\"inLanguage\":\"en-GB\",\"@id\":\"https:\/\/eurel.shop\/o-nas\/#primaryimage\",\"url\":\"https:\/\/eurel.shop\/wp-content\/uploads\/2025\/05\/image-10.png\",\"contentUrl\":\"https:\/\/eurel.shop\/wp-content\/uploads\/2025\/05\/image-10.png\"},{\"@type\":\"BreadcrumbList\",\"@id\":\"https:\/\/eurel.shop\/o-nas\/#breadcrumb\",\"itemListElement\":[{\"@type\":\"ListItem\",\"position\":1,\"name\":\"Home\",\"item\":\"https:\/\/eurel.shop\/\"},{\"@type\":\"ListItem\",\"position\":2,\"name\":\"O nas\"}]},{\"@type\":\"WebSite\",\"@id\":\"https:\/\/eurel.shop\/#website\",\"url\":\"https:\/\/eurel.shop\/\",\"name\":\"Eurel\",\"description\":\"Va&scaron;i zanesljivi pomo\u010dniki v kuhinji\",\"publisher\":{\"@id\":\"https:\/\/eurel.shop\/#organization\"},\"potentialAction\":[{\"@type\":\"SearchAction\",\"target\":{\"@type\":\"EntryPoint\",\"urlTemplate\":\"https:\/\/eurel.shop\/?s={search_term_string}\"},\"query-input\":{\"@type\":\"PropertyValueSpecification\",\"valueRequired\":true,\"valueName\":\"search_term_string\"}}],\"inLanguage\":\"en-GB\"},{\"@type\":\"Organization\",\"@id\":\"https:\/\/eurel.shop\/#organization\",\"name\":\"Eurel\",\"url\":\"https:\/\/eurel.shop\/\",\"logo\":{\"@type\":\"ImageObject\",\"inLanguage\":\"en-GB\",\"@id\":\"https:\/\/eurel.shop\/#\/schema\/logo\/image\/\",\"url\":\"https:\/\/eurel.shop\/wp-content\/uploads\/2025\/03\/eurel_logo_white.png\",\"contentUrl\":\"https:\/\/eurel.shop\/wp-content\/uploads\/2025\/03\/eurel_logo_white.png\",\"width\":200,\"height\":56,\"caption\":\"Eurel\"},\"image\":{\"@id\":\"https:\/\/eurel.shop\/#\/schema\/logo\/image\/\"},\"sameAs\":[\"https:\/\/www.facebook.com\/eurelproducts\",\"https:\/\/www.instagram.com\/eurelproducts\"]}]}<\/script>\n<!-- \/ Yoast SEO plugin. -->","yoast_head_json":{"title":"About us - Eurel","description":"Eurel - quality kitchen appliances for every home. Discover our vision, innovation and commitment to creating reliable products to make everyday life easier.","robots":{"index":"index","follow":"follow","max-snippet":"max-snippet:-1","max-image-preview":"max-image-preview:large","max-video-preview":"max-video-preview:-1"},"canonical":"https:\/\/eurel.shop\/en\/about-us\/","og_locale":"en_GB","og_type":"article","og_title":"O nas - Eurel","og_description":"Eurel \u2013 kakovostni kuhinjski aparati za vsak dom. Spoznajte na\u0161o vizijo, inovacije in predanost ustvarjanju zanesljivih izdelkov za la\u017eje vsakdanje \u017eivljenje.","og_url":"https:\/\/eurel.shop\/en\/about-us\/","og_site_name":"Eurel","article_publisher":"https:\/\/www.facebook.com\/eurelproducts","article_modified_time":"2025-09-10T11:55:54+00:00","og_image":[{"url":"https:\/\/eurel.shop\/wp-content\/uploads\/2025\/05\/image-10.png","type":"","width":"","height":""}],"twitter_card":"summary_large_image","twitter_misc":{"Est. reading time":"2 minutes"},"schema":{"@context":"https:\/\/schema.org","@graph":[{"@type":"WebPage","@id":"https:\/\/eurel.shop\/o-nas\/","url":"https:\/\/eurel.shop\/o-nas\/","name":"About us - Eurel","isPartOf":{"@id":"https:\/\/eurel.shop\/#website"},"primaryImageOfPage":{"@id":"https:\/\/eurel.shop\/o-nas\/#primaryimage"},"image":{"@id":"https:\/\/eurel.shop\/o-nas\/#primaryimage"},"thumbnailUrl":"https:\/\/eurel.shop\/wp-content\/uploads\/2025\/05\/image-10.png","datePublished":"2025-05-19T07:00:34+00:00","dateModified":"2025-09-10T11:55:54+00:00","description":"Eurel - quality kitchen appliances for every home. Discover our vision, innovation and commitment to creating reliable products to make everyday life easier.","breadcrumb":{"@id":"https:\/\/eurel.shop\/o-nas\/#breadcrumb"},"inLanguage":"en-GB","potentialAction":[{"@type":"ReadAction","target":["https:\/\/eurel.shop\/o-nas\/"]}]},{"@type":"ImageObject","inLanguage":"en-GB","@id":"https:\/\/eurel.shop\/o-nas\/#primaryimage","url":"https:\/\/eurel.shop\/wp-content\/uploads\/2025\/05\/image-10.png","contentUrl":"https:\/\/eurel.shop\/wp-content\/uploads\/2025\/05\/image-10.png"},{"@type":"BreadcrumbList","@id":"https:\/\/eurel.shop\/o-nas\/#breadcrumb","itemListElement":[{"@type":"ListItem","position":1,"name":"Home","item":"https:\/\/eurel.shop\/"},{"@type":"ListItem","position":2,"name":"O nas"}]},{"@type":"WebSite","@id":"https:\/\/eurel.shop\/#website","url":"https:\/\/eurel.shop\/","name":"Eurel","description":"Your reliable kitchen helpers","publisher":{"@id":"https:\/\/eurel.shop\/#organization"},"potentialAction":[{"@type":"SearchAction","target":{"@type":"EntryPoint","urlTemplate":"https:\/\/eurel.shop\/?s={search_term_string}"},"query-input":{"@type":"PropertyValueSpecification","valueRequired":true,"valueName":"search_term_string"}}],"inLanguage":"en-GB"},{"@type":"Organization","@id":"https:\/\/eurel.shop\/#organization","name":"Eurel","url":"https:\/\/eurel.shop\/","logo":{"@type":"ImageObject","inLanguage":"en-GB","@id":"https:\/\/eurel.shop\/#\/schema\/logo\/image\/","url":"https:\/\/eurel.shop\/wp-content\/uploads\/2025\/03\/eurel_logo_white.png","contentUrl":"https:\/\/eurel.shop\/wp-content\/uploads\/2025\/03\/eurel_logo_white.png","width":200,"height":56,"caption":"Eurel"},"image":{"@id":"https:\/\/eurel.shop\/#\/schema\/logo\/image\/"},"sameAs":["https:\/\/www.facebook.com\/eurelproducts","https:\/\/www.instagram.com\/eurelproducts"]}]}},"_links":{"self":[{"href":"https:\/\/eurel.shop\/en\/wp-json\/wp\/v2\/pages\/930","targetHints":{"allow":["GET"]}}],"collection":[{"href":"https:\/\/eurel.shop\/en\/wp-json\/wp\/v2\/pages"}],"about":[{"href":"https:\/\/eurel.shop\/en\/wp-json\/wp\/v2\/types\/page"}],"author":[{"embeddable":true,"href":"https:\/\/eurel.shop\/en\/wp-json\/wp\/v2\/users\/1"}],"replies":[{"embeddable":true,"href":"https:\/\/eurel.shop\/en\/wp-json\/wp\/v2\/comments?post=930"}],"version-history":[{"count":2,"href":"https:\/\/eurel.shop\/en\/wp-json\/wp\/v2\/pages\/930\/revisions"}],"predecessor-version":[{"id":1841,"href":"https:\/\/eurel.shop\/en\/wp-json\/wp\/v2\/pages\/930\/revisions\/1841"}],"wp:attachment":[{"href":"https:\/\/eurel.shop\/en\/wp-json\/wp\/v2\/media?parent=930"}],"curies":[{"name":"wp","href":"https:\/\/api.w.org\/{rel}","templated":true}]}}