{"id":1054,"date":"2025-05-21T12:46:31","date_gmt":"2025-05-21T10:46:31","guid":{"rendered":"https:\/\/eurel.shop\/?post_type=product&#038;p=1054"},"modified":"2026-04-10T13:31:10","modified_gmt":"2026-04-10T11:31:10","slug":"trendline-mp74-rodless-stick-blender","status":"publish","type":"product","link":"https:\/\/eurel.shop\/en\/product\/trendline-mp74-rodless-stick-blender\/","title":{"rendered":"TRENDLine MP74 cordless stick blender"},"content":{"rendered":"","protected":false},"excerpt":{"rendered":"<p><strong>Advanced versatility with style<\/strong><br \/>\nThe MP74 combines high power, a sleek design and 5 operating speeds for more precise control over food preparation. It is ideal for those who want more flexibility and efficiency without the constraints of a cord.<\/p>\n<p>The set includes:<\/p>\n<ul>\n<li>MP74 Cordless Stick Mixer with Mixing Foot<\/li>\n<li>Whisking whisk<\/li>\n<li>Sprouting nozzle<\/li>\n<li>Chopper<\/li>\n<li>600 ml measuring container with lid<\/li>\n<li><\/li>\n<\/ul>","protected":false},"featured_media":1055,"template":"","meta":[],"product_brand":[],"product_cat":[25],"product_tag":[42],"class_list":{"0":"post-1054","1":"product","2":"type-product","3":"status-publish","4":"has-post-thumbnail","6":"product_cat-palicni-mesalniki","7":"product_tag-trendline","9":"first","10":"instock","11":"taxable","12":"shipping-taxable","13":"purchasable","14":"product-type-simple"},"yoast_head":"<!-- This site is optimized with the Yoast SEO plugin v27.0 - https:\/\/yoast.com\/product\/yoast-seo-wordpress\/ -->\n<title>Brez\u017ei\u010dni pali\u010dni me\u0161alnik TRENDLine MP74 - Eurel<\/title>\n<meta name=\"robots\" content=\"index, follow, max-snippet:-1, max-image-preview:large, max-video-preview:-1\" \/>\n<link rel=\"canonical\" href=\"https:\/\/eurel.shop\/en\/product\/trendline-mp74-rodless-stick-blender\/\" \/>\n<meta property=\"og:locale\" content=\"en_GB\" \/>\n<meta property=\"og:type\" content=\"article\" \/>\n<meta property=\"og:title\" content=\"Brez\u017ei\u010dni pali\u010dni me\u0161alnik TRENDLine MP74 - Eurel\" \/>\n<meta property=\"og:description\" content=\"Napredna vsestranskost s stilom MP74 zdru\u017euje visoko mo\u010d, elegantno obliko in 5 hitrosti delovanja za natan\u010dnej\u0161i nadzor nad pripravo hrane. Idealen je za vse, ki si \u017eelijo ve\u010d fleksibilnosti in u\u010dinkovitosti brez omejitev kabla.  Set vklju\u010duje:   Brez\u017ei\u010dni pali\u010dni me\u0161alnik MP74 z\u00a0me\u0161alno nogo  Metlica za stepanje  Nastavek za pire  Sekljalnik  Merilna posoda 600\u00a0ml s\u00a0pokrovom\" \/>\n<meta property=\"og:url\" content=\"https:\/\/eurel.shop\/en\/product\/trendline-mp74-rodless-stick-blender\/\" \/>\n<meta property=\"og:site_name\" content=\"Eurel\" \/>\n<meta property=\"article:publisher\" content=\"https:\/\/www.facebook.com\/eurelproducts\" \/>\n<meta property=\"article:modified_time\" content=\"2026-04-10T11:31:10+00:00\" \/>\n<meta property=\"og:image\" content=\"https:\/\/eurel.shop\/wp-content\/uploads\/2025\/05\/1-3.png\" \/>\n\t<meta property=\"og:image:width\" content=\"2000\" \/>\n\t<meta property=\"og:image:height\" content=\"2000\" \/>\n\t<meta property=\"og:image:type\" content=\"image\/png\" \/>\n<meta name=\"twitter:card\" content=\"summary_large_image\" \/>\n<meta name=\"twitter:label1\" content=\"Est. reading time\" \/>\n\t<meta name=\"twitter:data1\" content=\"1 minute\" \/>\n<script type=\"application\/ld+json\" class=\"yoast-schema-graph\">{\"@context\":\"https:\/\/schema.org\",\"@graph\":[{\"@type\":\"WebPage\",\"@id\":\"https:\/\/eurel.shop\/product\/brezzicni-palicni-mesalnik-trendline-mp74\/\",\"url\":\"https:\/\/eurel.shop\/product\/brezzicni-palicni-mesalnik-trendline-mp74\/\",\"name\":\"Brez\u017ei\u010dni pali\u010dni me\u0161alnik TRENDLine MP74 - Eurel\",\"isPartOf\":{\"@id\":\"https:\/\/eurel.shop\/#website\"},\"primaryImageOfPage\":{\"@id\":\"https:\/\/eurel.shop\/product\/brezzicni-palicni-mesalnik-trendline-mp74\/#primaryimage\"},\"image\":{\"@id\":\"https:\/\/eurel.shop\/product\/brezzicni-palicni-mesalnik-trendline-mp74\/#primaryimage\"},\"thumbnailUrl\":\"https:\/\/eurel.shop\/wp-content\/uploads\/2025\/05\/1-3.png\",\"datePublished\":\"2025-05-21T10:46:31+00:00\",\"dateModified\":\"2026-04-10T11:31:10+00:00\",\"breadcrumb\":{\"@id\":\"https:\/\/eurel.shop\/product\/brezzicni-palicni-mesalnik-trendline-mp74\/#breadcrumb\"},\"inLanguage\":\"en-GB\",\"potentialAction\":[{\"@type\":\"ReadAction\",\"target\":[\"https:\/\/eurel.shop\/product\/brezzicni-palicni-mesalnik-trendline-mp74\/\"]}]},{\"@type\":\"ImageObject\",\"inLanguage\":\"en-GB\",\"@id\":\"https:\/\/eurel.shop\/product\/brezzicni-palicni-mesalnik-trendline-mp74\/#primaryimage\",\"url\":\"https:\/\/eurel.shop\/wp-content\/uploads\/2025\/05\/1-3.png\",\"contentUrl\":\"https:\/\/eurel.shop\/wp-content\/uploads\/2025\/05\/1-3.png\",\"width\":2000,\"height\":2000},{\"@type\":\"BreadcrumbList\",\"@id\":\"https:\/\/eurel.shop\/product\/brezzicni-palicni-mesalnik-trendline-mp74\/#breadcrumb\",\"itemListElement\":[{\"@type\":\"ListItem\",\"position\":1,\"name\":\"Home\",\"item\":\"https:\/\/eurel.shop\/\"},{\"@type\":\"ListItem\",\"position\":2,\"name\":\"Shop\",\"item\":\"https:\/\/eurel.shop\/shop\/\"},{\"@type\":\"ListItem\",\"position\":3,\"name\":\"Brez\u017ei\u010dni pali\u010dni me\u0161alnik TRENDLine MP74\"}]},{\"@type\":\"WebSite\",\"@id\":\"https:\/\/eurel.shop\/#website\",\"url\":\"https:\/\/eurel.shop\/\",\"name\":\"Eurel\",\"description\":\"Va&scaron;i zanesljivi pomo\u010dniki v kuhinji\",\"publisher\":{\"@id\":\"https:\/\/eurel.shop\/#organization\"},\"potentialAction\":[{\"@type\":\"SearchAction\",\"target\":{\"@type\":\"EntryPoint\",\"urlTemplate\":\"https:\/\/eurel.shop\/?s={search_term_string}\"},\"query-input\":{\"@type\":\"PropertyValueSpecification\",\"valueRequired\":true,\"valueName\":\"search_term_string\"}}],\"inLanguage\":\"en-GB\"},{\"@type\":\"Organization\",\"@id\":\"https:\/\/eurel.shop\/#organization\",\"name\":\"Eurel\",\"url\":\"https:\/\/eurel.shop\/\",\"logo\":{\"@type\":\"ImageObject\",\"inLanguage\":\"en-GB\",\"@id\":\"https:\/\/eurel.shop\/#\/schema\/logo\/image\/\",\"url\":\"https:\/\/eurel.shop\/wp-content\/uploads\/2025\/03\/eurel_logo_white.png\",\"contentUrl\":\"https:\/\/eurel.shop\/wp-content\/uploads\/2025\/03\/eurel_logo_white.png\",\"width\":200,\"height\":56,\"caption\":\"Eurel\"},\"image\":{\"@id\":\"https:\/\/eurel.shop\/#\/schema\/logo\/image\/\"},\"sameAs\":[\"https:\/\/www.facebook.com\/eurelproducts\",\"https:\/\/www.instagram.com\/eurelproducts\"]}]}<\/script>\n<!-- \/ Yoast SEO plugin. -->","yoast_head_json":{"title":"TRENDLine MP74 Cordless Stick Blender - Eurel","robots":{"index":"index","follow":"follow","max-snippet":"max-snippet:-1","max-image-preview":"max-image-preview:large","max-video-preview":"max-video-preview:-1"},"canonical":"https:\/\/eurel.shop\/en\/product\/trendline-mp74-rodless-stick-blender\/","og_locale":"en_GB","og_type":"article","og_title":"Brez\u017ei\u010dni pali\u010dni me\u0161alnik TRENDLine MP74 - Eurel","og_description":"Napredna vsestranskost s stilom MP74 zdru\u017euje visoko mo\u010d, elegantno obliko in 5 hitrosti delovanja za natan\u010dnej\u0161i nadzor nad pripravo hrane. Idealen je za vse, ki si \u017eelijo ve\u010d fleksibilnosti in u\u010dinkovitosti brez omejitev kabla.  Set vklju\u010duje:   Brez\u017ei\u010dni pali\u010dni me\u0161alnik MP74 z\u00a0me\u0161alno nogo  Metlica za stepanje  Nastavek za pire  Sekljalnik  Merilna posoda 600\u00a0ml s\u00a0pokrovom","og_url":"https:\/\/eurel.shop\/en\/product\/trendline-mp74-rodless-stick-blender\/","og_site_name":"Eurel","article_publisher":"https:\/\/www.facebook.com\/eurelproducts","article_modified_time":"2026-04-10T11:31:10+00:00","og_image":[{"width":2000,"height":2000,"url":"https:\/\/eurel.shop\/wp-content\/uploads\/2025\/05\/1-3.png","type":"image\/png"}],"twitter_card":"summary_large_image","twitter_misc":{"Est. reading time":"1 minute"},"schema":{"@context":"https:\/\/schema.org","@graph":[{"@type":"WebPage","@id":"https:\/\/eurel.shop\/product\/brezzicni-palicni-mesalnik-trendline-mp74\/","url":"https:\/\/eurel.shop\/product\/brezzicni-palicni-mesalnik-trendline-mp74\/","name":"TRENDLine MP74 Cordless Stick Blender - Eurel","isPartOf":{"@id":"https:\/\/eurel.shop\/#website"},"primaryImageOfPage":{"@id":"https:\/\/eurel.shop\/product\/brezzicni-palicni-mesalnik-trendline-mp74\/#primaryimage"},"image":{"@id":"https:\/\/eurel.shop\/product\/brezzicni-palicni-mesalnik-trendline-mp74\/#primaryimage"},"thumbnailUrl":"https:\/\/eurel.shop\/wp-content\/uploads\/2025\/05\/1-3.png","datePublished":"2025-05-21T10:46:31+00:00","dateModified":"2026-04-10T11:31:10+00:00","breadcrumb":{"@id":"https:\/\/eurel.shop\/product\/brezzicni-palicni-mesalnik-trendline-mp74\/#breadcrumb"},"inLanguage":"en-GB","potentialAction":[{"@type":"ReadAction","target":["https:\/\/eurel.shop\/product\/brezzicni-palicni-mesalnik-trendline-mp74\/"]}]},{"@type":"ImageObject","inLanguage":"en-GB","@id":"https:\/\/eurel.shop\/product\/brezzicni-palicni-mesalnik-trendline-mp74\/#primaryimage","url":"https:\/\/eurel.shop\/wp-content\/uploads\/2025\/05\/1-3.png","contentUrl":"https:\/\/eurel.shop\/wp-content\/uploads\/2025\/05\/1-3.png","width":2000,"height":2000},{"@type":"BreadcrumbList","@id":"https:\/\/eurel.shop\/product\/brezzicni-palicni-mesalnik-trendline-mp74\/#breadcrumb","itemListElement":[{"@type":"ListItem","position":1,"name":"Home","item":"https:\/\/eurel.shop\/"},{"@type":"ListItem","position":2,"name":"Shop","item":"https:\/\/eurel.shop\/shop\/"},{"@type":"ListItem","position":3,"name":"Brez\u017ei\u010dni pali\u010dni me\u0161alnik TRENDLine MP74"}]},{"@type":"WebSite","@id":"https:\/\/eurel.shop\/#website","url":"https:\/\/eurel.shop\/","name":"Eurel","description":"Your reliable kitchen helpers","publisher":{"@id":"https:\/\/eurel.shop\/#organization"},"potentialAction":[{"@type":"SearchAction","target":{"@type":"EntryPoint","urlTemplate":"https:\/\/eurel.shop\/?s={search_term_string}"},"query-input":{"@type":"PropertyValueSpecification","valueRequired":true,"valueName":"search_term_string"}}],"inLanguage":"en-GB"},{"@type":"Organization","@id":"https:\/\/eurel.shop\/#organization","name":"Eurel","url":"https:\/\/eurel.shop\/","logo":{"@type":"ImageObject","inLanguage":"en-GB","@id":"https:\/\/eurel.shop\/#\/schema\/logo\/image\/","url":"https:\/\/eurel.shop\/wp-content\/uploads\/2025\/03\/eurel_logo_white.png","contentUrl":"https:\/\/eurel.shop\/wp-content\/uploads\/2025\/03\/eurel_logo_white.png","width":200,"height":56,"caption":"Eurel"},"image":{"@id":"https:\/\/eurel.shop\/#\/schema\/logo\/image\/"},"sameAs":["https:\/\/www.facebook.com\/eurelproducts","https:\/\/www.instagram.com\/eurelproducts"]}]}},"_links":{"self":[{"href":"https:\/\/eurel.shop\/en\/wp-json\/wp\/v2\/product\/1054","targetHints":{"allow":["GET"]}}],"collection":[{"href":"https:\/\/eurel.shop\/en\/wp-json\/wp\/v2\/product"}],"about":[{"href":"https:\/\/eurel.shop\/en\/wp-json\/wp\/v2\/types\/product"}],"wp:featuredmedia":[{"embeddable":true,"href":"https:\/\/eurel.shop\/en\/wp-json\/wp\/v2\/media\/1055"}],"wp:attachment":[{"href":"https:\/\/eurel.shop\/en\/wp-json\/wp\/v2\/media?parent=1054"}],"wp:term":[{"taxonomy":"product_brand","embeddable":true,"href":"https:\/\/eurel.shop\/en\/wp-json\/wp\/v2\/product_brand?post=1054"},{"taxonomy":"product_cat","embeddable":true,"href":"https:\/\/eurel.shop\/en\/wp-json\/wp\/v2\/product_cat?post=1054"},{"taxonomy":"product_tag","embeddable":true,"href":"https:\/\/eurel.shop\/en\/wp-json\/wp\/v2\/product_tag?post=1054"}],"curies":[{"name":"wp","href":"https:\/\/api.w.org\/{rel}","templated":true}]}}