{"id":1267,"date":"2025-05-21T15:16:14","date_gmt":"2025-05-21T13:16:14","guid":{"rendered":"https:\/\/eurel.shop\/?post_type=product&#038;p=1267"},"modified":"2026-03-20T08:13:21","modified_gmt":"2026-03-20T07:13:21","slug":"rezalnik-premiumline-rs92-crn","status":"publish","type":"product","link":"https:\/\/eurel.shop\/en\/product\/rezalnik-premiumline-rs92-crn\/","title":{"rendered":"PREMIUMLine RS92 cutter black"},"content":{"rendered":"","protected":false},"excerpt":{"rendered":"<p>EUREL PREMIUMLine RS92 - the metal-cased cutter for the most demanding home user.<\/p>\n<ul>\n<li>Full metal housing<\/li>\n<li>Sloped construction with elegant glass support panel<\/li>\n<li>Mo\u010dan\u00a0 DC motor 100 W<\/li>\n<li>Permanent switch-on<\/li>\n<li>Large cutting surface<\/li>\n<li>Cutting knife e-blade<\/li>\n<li>Cutting thickness range 0-15 mm, detailed scaled first 3 mm of cutting thickness<\/li>\n<li>Large tray set with clip added<\/li>\n<li>Cutter designed and manufactured in Slovenia<\/li>\n<\/ul>","protected":false},"featured_media":1268,"template":"","meta":[],"product_brand":[],"product_cat":[26,30],"product_tag":[43],"class_list":{"0":"post-1267","1":"product","2":"type-product","3":"status-publish","4":"has-post-thumbnail","6":"product_cat-rezalniki","7":"product_cat-premiumline","8":"product_tag-premiumline","10":"first","11":"instock","12":"taxable","13":"shipping-taxable","14":"purchasable","15":"product-type-simple"},"yoast_head":"<!-- This site is optimized with the Yoast SEO plugin v27.0 - https:\/\/yoast.com\/product\/yoast-seo-wordpress\/ -->\n<title>Rezalnik PREMIUMLine RS92 \u010drn - Eurel<\/title>\n<meta name=\"robots\" content=\"index, follow, max-snippet:-1, max-image-preview:large, max-video-preview:-1\" \/>\n<link rel=\"canonical\" href=\"https:\/\/eurel.shop\/en\/product\/rezalnik-premiumline-rs92-crn\/\" \/>\n<meta property=\"og:locale\" content=\"en_GB\" \/>\n<meta property=\"og:type\" content=\"article\" \/>\n<meta property=\"og:title\" content=\"Rezalnik PREMIUMLine RS92 \u010drn - Eurel\" \/>\n<meta property=\"og:description\" content=\"EUREL Rezalnik PREMIUMLine RS92 - rezalnik s kovinskim ohi\u0161jem za najbolj zahtevnega doma\u010dega uporabnika.   Popolnoma kovinsko ohi\u0161je  Nagnjena konstrukcija z elegantno stekleno nosilno plo\u0161\u010do  Mo\u010dan\u00a0 DC motor 100 W  Stalni vklop  Velika rezalna povr\u0161ina  Rezalni no\u017e e-blade  Razpon debeline rezanja 0-15 mm, podrobno skalirani prvi 3 mm debeline rezanja  Dodan veliki set pladnjev s sponko  Rezalnik zasnovan in izdelan v Sloveniji\" \/>\n<meta property=\"og:url\" content=\"https:\/\/eurel.shop\/en\/product\/rezalnik-premiumline-rs92-crn\/\" \/>\n<meta property=\"og:site_name\" content=\"Eurel\" \/>\n<meta property=\"article:publisher\" content=\"https:\/\/www.facebook.com\/eurelproducts\" \/>\n<meta property=\"article:modified_time\" content=\"2026-03-20T07:13:21+00:00\" \/>\n<meta property=\"og:image\" content=\"https:\/\/eurel.shop\/wp-content\/uploads\/2025\/05\/1-17.png\" \/>\n\t<meta property=\"og:image:width\" content=\"2000\" \/>\n\t<meta property=\"og:image:height\" content=\"2000\" \/>\n\t<meta property=\"og:image:type\" content=\"image\/png\" \/>\n<meta name=\"twitter:card\" content=\"summary_large_image\" \/>\n<meta name=\"twitter:label1\" content=\"Est. reading time\" \/>\n\t<meta name=\"twitter:data1\" content=\"1 minute\" \/>\n<script type=\"application\/ld+json\" class=\"yoast-schema-graph\">{\"@context\":\"https:\/\/schema.org\",\"@graph\":[{\"@type\":\"WebPage\",\"@id\":\"https:\/\/eurel.shop\/product\/rezalnik-premiumline-rs92-crn\/\",\"url\":\"https:\/\/eurel.shop\/product\/rezalnik-premiumline-rs92-crn\/\",\"name\":\"Rezalnik PREMIUMLine RS92 \u010drn - Eurel\",\"isPartOf\":{\"@id\":\"https:\/\/eurel.shop\/#website\"},\"primaryImageOfPage\":{\"@id\":\"https:\/\/eurel.shop\/product\/rezalnik-premiumline-rs92-crn\/#primaryimage\"},\"image\":{\"@id\":\"https:\/\/eurel.shop\/product\/rezalnik-premiumline-rs92-crn\/#primaryimage\"},\"thumbnailUrl\":\"https:\/\/eurel.shop\/wp-content\/uploads\/2025\/05\/1-17.png\",\"datePublished\":\"2025-05-21T13:16:14+00:00\",\"dateModified\":\"2026-03-20T07:13:21+00:00\",\"breadcrumb\":{\"@id\":\"https:\/\/eurel.shop\/product\/rezalnik-premiumline-rs92-crn\/#breadcrumb\"},\"inLanguage\":\"en-GB\",\"potentialAction\":[{\"@type\":\"ReadAction\",\"target\":[\"https:\/\/eurel.shop\/product\/rezalnik-premiumline-rs92-crn\/\"]}]},{\"@type\":\"ImageObject\",\"inLanguage\":\"en-GB\",\"@id\":\"https:\/\/eurel.shop\/product\/rezalnik-premiumline-rs92-crn\/#primaryimage\",\"url\":\"https:\/\/eurel.shop\/wp-content\/uploads\/2025\/05\/1-17.png\",\"contentUrl\":\"https:\/\/eurel.shop\/wp-content\/uploads\/2025\/05\/1-17.png\",\"width\":2000,\"height\":2000},{\"@type\":\"BreadcrumbList\",\"@id\":\"https:\/\/eurel.shop\/product\/rezalnik-premiumline-rs92-crn\/#breadcrumb\",\"itemListElement\":[{\"@type\":\"ListItem\",\"position\":1,\"name\":\"Home\",\"item\":\"https:\/\/eurel.shop\/\"},{\"@type\":\"ListItem\",\"position\":2,\"name\":\"Shop\",\"item\":\"https:\/\/eurel.shop\/shop\/\"},{\"@type\":\"ListItem\",\"position\":3,\"name\":\"Rezalnik PREMIUMLine RS92 \u010drn\"}]},{\"@type\":\"WebSite\",\"@id\":\"https:\/\/eurel.shop\/#website\",\"url\":\"https:\/\/eurel.shop\/\",\"name\":\"Eurel\",\"description\":\"Va&scaron;i zanesljivi pomo\u010dniki v kuhinji\",\"publisher\":{\"@id\":\"https:\/\/eurel.shop\/#organization\"},\"potentialAction\":[{\"@type\":\"SearchAction\",\"target\":{\"@type\":\"EntryPoint\",\"urlTemplate\":\"https:\/\/eurel.shop\/?s={search_term_string}\"},\"query-input\":{\"@type\":\"PropertyValueSpecification\",\"valueRequired\":true,\"valueName\":\"search_term_string\"}}],\"inLanguage\":\"en-GB\"},{\"@type\":\"Organization\",\"@id\":\"https:\/\/eurel.shop\/#organization\",\"name\":\"Eurel\",\"url\":\"https:\/\/eurel.shop\/\",\"logo\":{\"@type\":\"ImageObject\",\"inLanguage\":\"en-GB\",\"@id\":\"https:\/\/eurel.shop\/#\/schema\/logo\/image\/\",\"url\":\"https:\/\/eurel.shop\/wp-content\/uploads\/2025\/03\/eurel_logo_white.png\",\"contentUrl\":\"https:\/\/eurel.shop\/wp-content\/uploads\/2025\/03\/eurel_logo_white.png\",\"width\":200,\"height\":56,\"caption\":\"Eurel\"},\"image\":{\"@id\":\"https:\/\/eurel.shop\/#\/schema\/logo\/image\/\"},\"sameAs\":[\"https:\/\/www.facebook.com\/eurelproducts\",\"https:\/\/www.instagram.com\/eurelproducts\"]}]}<\/script>\n<!-- \/ Yoast SEO plugin. -->","yoast_head_json":{"title":"Rezalnik PREMIUMLine RS92 \u010drn - Eurel","robots":{"index":"index","follow":"follow","max-snippet":"max-snippet:-1","max-image-preview":"max-image-preview:large","max-video-preview":"max-video-preview:-1"},"canonical":"https:\/\/eurel.shop\/en\/product\/rezalnik-premiumline-rs92-crn\/","og_locale":"en_GB","og_type":"article","og_title":"Rezalnik PREMIUMLine RS92 \u010drn - Eurel","og_description":"EUREL Rezalnik PREMIUMLine RS92 - rezalnik s kovinskim ohi\u0161jem za najbolj zahtevnega doma\u010dega uporabnika.   Popolnoma kovinsko ohi\u0161je  Nagnjena konstrukcija z elegantno stekleno nosilno plo\u0161\u010do  Mo\u010dan\u00a0 DC motor 100 W  Stalni vklop  Velika rezalna povr\u0161ina  Rezalni no\u017e e-blade  Razpon debeline rezanja 0-15 mm, podrobno skalirani prvi 3 mm debeline rezanja  Dodan veliki set pladnjev s sponko  Rezalnik zasnovan in izdelan v Sloveniji","og_url":"https:\/\/eurel.shop\/en\/product\/rezalnik-premiumline-rs92-crn\/","og_site_name":"Eurel","article_publisher":"https:\/\/www.facebook.com\/eurelproducts","article_modified_time":"2026-03-20T07:13:21+00:00","og_image":[{"width":2000,"height":2000,"url":"https:\/\/eurel.shop\/wp-content\/uploads\/2025\/05\/1-17.png","type":"image\/png"}],"twitter_card":"summary_large_image","twitter_misc":{"Est. reading time":"1 minute"},"schema":{"@context":"https:\/\/schema.org","@graph":[{"@type":"WebPage","@id":"https:\/\/eurel.shop\/product\/rezalnik-premiumline-rs92-crn\/","url":"https:\/\/eurel.shop\/product\/rezalnik-premiumline-rs92-crn\/","name":"Rezalnik PREMIUMLine RS92 \u010drn - Eurel","isPartOf":{"@id":"https:\/\/eurel.shop\/#website"},"primaryImageOfPage":{"@id":"https:\/\/eurel.shop\/product\/rezalnik-premiumline-rs92-crn\/#primaryimage"},"image":{"@id":"https:\/\/eurel.shop\/product\/rezalnik-premiumline-rs92-crn\/#primaryimage"},"thumbnailUrl":"https:\/\/eurel.shop\/wp-content\/uploads\/2025\/05\/1-17.png","datePublished":"2025-05-21T13:16:14+00:00","dateModified":"2026-03-20T07:13:21+00:00","breadcrumb":{"@id":"https:\/\/eurel.shop\/product\/rezalnik-premiumline-rs92-crn\/#breadcrumb"},"inLanguage":"en-GB","potentialAction":[{"@type":"ReadAction","target":["https:\/\/eurel.shop\/product\/rezalnik-premiumline-rs92-crn\/"]}]},{"@type":"ImageObject","inLanguage":"en-GB","@id":"https:\/\/eurel.shop\/product\/rezalnik-premiumline-rs92-crn\/#primaryimage","url":"https:\/\/eurel.shop\/wp-content\/uploads\/2025\/05\/1-17.png","contentUrl":"https:\/\/eurel.shop\/wp-content\/uploads\/2025\/05\/1-17.png","width":2000,"height":2000},{"@type":"BreadcrumbList","@id":"https:\/\/eurel.shop\/product\/rezalnik-premiumline-rs92-crn\/#breadcrumb","itemListElement":[{"@type":"ListItem","position":1,"name":"Home","item":"https:\/\/eurel.shop\/"},{"@type":"ListItem","position":2,"name":"Shop","item":"https:\/\/eurel.shop\/shop\/"},{"@type":"ListItem","position":3,"name":"Rezalnik PREMIUMLine RS92 \u010drn"}]},{"@type":"WebSite","@id":"https:\/\/eurel.shop\/#website","url":"https:\/\/eurel.shop\/","name":"Eurel","description":"Your reliable kitchen helpers","publisher":{"@id":"https:\/\/eurel.shop\/#organization"},"potentialAction":[{"@type":"SearchAction","target":{"@type":"EntryPoint","urlTemplate":"https:\/\/eurel.shop\/?s={search_term_string}"},"query-input":{"@type":"PropertyValueSpecification","valueRequired":true,"valueName":"search_term_string"}}],"inLanguage":"en-GB"},{"@type":"Organization","@id":"https:\/\/eurel.shop\/#organization","name":"Eurel","url":"https:\/\/eurel.shop\/","logo":{"@type":"ImageObject","inLanguage":"en-GB","@id":"https:\/\/eurel.shop\/#\/schema\/logo\/image\/","url":"https:\/\/eurel.shop\/wp-content\/uploads\/2025\/03\/eurel_logo_white.png","contentUrl":"https:\/\/eurel.shop\/wp-content\/uploads\/2025\/03\/eurel_logo_white.png","width":200,"height":56,"caption":"Eurel"},"image":{"@id":"https:\/\/eurel.shop\/#\/schema\/logo\/image\/"},"sameAs":["https:\/\/www.facebook.com\/eurelproducts","https:\/\/www.instagram.com\/eurelproducts"]}]}},"_links":{"self":[{"href":"https:\/\/eurel.shop\/en\/wp-json\/wp\/v2\/product\/1267","targetHints":{"allow":["GET"]}}],"collection":[{"href":"https:\/\/eurel.shop\/en\/wp-json\/wp\/v2\/product"}],"about":[{"href":"https:\/\/eurel.shop\/en\/wp-json\/wp\/v2\/types\/product"}],"wp:featuredmedia":[{"embeddable":true,"href":"https:\/\/eurel.shop\/en\/wp-json\/wp\/v2\/media\/1268"}],"wp:attachment":[{"href":"https:\/\/eurel.shop\/en\/wp-json\/wp\/v2\/media?parent=1267"}],"wp:term":[{"taxonomy":"product_brand","embeddable":true,"href":"https:\/\/eurel.shop\/en\/wp-json\/wp\/v2\/product_brand?post=1267"},{"taxonomy":"product_cat","embeddable":true,"href":"https:\/\/eurel.shop\/en\/wp-json\/wp\/v2\/product_cat?post=1267"},{"taxonomy":"product_tag","embeddable":true,"href":"https:\/\/eurel.shop\/en\/wp-json\/wp\/v2\/product_tag?post=1267"}],"curies":[{"name":"wp","href":"https:\/\/api.w.org\/{rel}","templated":true}]}}