{"id":2123,"date":"2026-01-12T11:28:40","date_gmt":"2026-01-12T10:28:40","guid":{"rendered":"https:\/\/eurel.shop\/?post_type=product&#038;p=2123"},"modified":"2026-03-02T08:59:26","modified_gmt":"2026-03-02T07:59:26","slug":"tehtnica-kuhinjska-digitalna-bela-kt74-do-10-kg-z-bluetooth-povezavo-2","status":"publish","type":"product","link":"https:\/\/eurel.shop\/en\/product\/tehtnica-kuhinjska-digitalna-bela-kt74-do-10-kg-z-bluetooth-povezavo-2\/","title":{"rendered":"Kitchen digital white KT74 scale up to 10 kg with bluetooth connection"},"content":{"rendered":"<p>NAPREDNA BLUETOOTH POVEZAVA: Povezava z aplikacijo za sledenje prehrani<\/p>\n<p>VISOKONATAN\u010cNI SENZORJI: Tehtanje z natan\u010dnostjo do 1 g<\/p>\n<p>NAJVE\u010cJA KAPACITETA: 10 kg \/ 22 lb: Za manj\u0161e in ve\u010dje sestavine<\/p>\n<p>VE\u010c MERSKIH ENOT: g \/ oz \/ lb:oz \/ ml \/ fl.oz<\/p>\n<p>TARA FUNKCIJA: Posamezno tehtanje sestavin<\/p>\n<p>UPRAVLJANJE NA DOTIK: Sodoben, gladek in enostaven za uporabo<\/p>\n<p>ELEGANTNA TANKA ZASNOVA: Prihranek prostora in estetski videz<\/p>\n<p>4 MM KALJENO STEKLO: Trpe\u017eno, varno in enostavno za \u010di\u0161\u010denje<\/p>\n<p>DELOVANJE NA BATERIJE: 2x AAA vklju\u010deni \u2013 pripravljena za uporabo<\/p>\n<p>VEDNO DOSTOPNA: Skenirajte QR kodo na napravi za navodila, nasvete in podporo<\/p>","protected":false},"excerpt":{"rendered":"<p>Pametna kuhinjska tehtnica je zasnovana za natan\u010dno kuhanje, enostavno sledenje prehrani in sodobno kuhinjsko izku\u0161njo.<br \/>\nOmogo\u010dena je preprosta povezava z mobilno aplikacijo za sledenje prehrani in spremljanje zdravstvenih ciljev. S svojo elegantno, tanko zasnovo in trpe\u017eno povr\u0161ino iz kaljenega stekla predstavlja popolno ravnovesje med stilom, inovacijo in vsakdanjo prakti\u010dnostjo.<br \/>\n&#8211; Merilno obmo\u010dje do 10.000 g \/ 10.000 ml<br \/>\n&#8211; Baterija \/ 2 x 1,5 V (AAA) &#8211; bateriji sta prilo\u017eeni<\/p>","protected":false},"featured_media":2127,"template":"","meta":[],"product_brand":[],"product_cat":[49],"product_tag":[],"class_list":{"0":"post-2123","1":"product","2":"type-product","3":"status-publish","4":"has-post-thumbnail","6":"product_cat-kuhinjska-tehnica","8":"first","9":"instock","10":"taxable","11":"shipping-taxable","12":"purchasable","13":"product-type-simple"},"yoast_head":"<!-- This site is optimized with the Yoast SEO plugin v27.0 - https:\/\/yoast.com\/product\/yoast-seo-wordpress\/ -->\n<title>Tehtnica kuhinjska digitalna bela KT74 do 10 kg z bluetooth povezavo - Eurel<\/title>\n<meta name=\"robots\" content=\"index, follow, max-snippet:-1, max-image-preview:large, max-video-preview:-1\" \/>\n<link rel=\"canonical\" href=\"https:\/\/eurel.shop\/en\/product\/tehtnica-kuhinjska-digitalna-bela-kt74-do-10-kg-z-bluetooth-povezavo-2\/\" \/>\n<meta property=\"og:locale\" content=\"en_GB\" \/>\n<meta property=\"og:type\" content=\"article\" \/>\n<meta property=\"og:title\" content=\"Tehtnica kuhinjska digitalna bela KT74 do 10 kg z bluetooth povezavo - Eurel\" \/>\n<meta property=\"og:description\" content=\"Pametna kuhinjska tehtnica je zasnovana za natan\u010dno kuhanje, enostavno sledenje prehrani in sodobno kuhinjsko izku\u0161njo. Omogo\u010dena je preprosta povezava z mobilno aplikacijo za sledenje prehrani in spremljanje zdravstvenih ciljev. S svojo elegantno, tanko zasnovo in trpe\u017eno povr\u0161ino iz kaljenega stekla predstavlja popolno ravnovesje med stilom, inovacijo in vsakdanjo prakti\u010dnostjo. - Merilno obmo\u010dje do 10.000 g \/ 10.000 ml - Baterija \/ 2 x 1,5 V (AAA) - bateriji sta prilo\u017eeni\" \/>\n<meta property=\"og:url\" content=\"https:\/\/eurel.shop\/en\/product\/tehtnica-kuhinjska-digitalna-bela-kt74-do-10-kg-z-bluetooth-povezavo-2\/\" \/>\n<meta property=\"og:site_name\" content=\"Eurel\" \/>\n<meta property=\"article:publisher\" content=\"https:\/\/www.facebook.com\/eurelproducts\" \/>\n<meta property=\"article:modified_time\" content=\"2026-03-02T07:59:26+00:00\" \/>\n<meta property=\"og:image\" content=\"https:\/\/eurel.shop\/wp-content\/uploads\/2026\/01\/Image-006584-scaled.jpg\" \/>\n\t<meta property=\"og:image:width\" content=\"2135\" \/>\n\t<meta property=\"og:image:height\" content=\"2560\" \/>\n\t<meta property=\"og:image:type\" content=\"image\/jpeg\" \/>\n<meta name=\"twitter:card\" content=\"summary_large_image\" \/>\n<meta name=\"twitter:label1\" content=\"Est. reading time\" \/>\n\t<meta name=\"twitter:data1\" content=\"1 minute\" \/>\n<script type=\"application\/ld+json\" class=\"yoast-schema-graph\">{\"@context\":\"https:\/\/schema.org\",\"@graph\":[{\"@type\":\"WebPage\",\"@id\":\"https:\/\/eurel.shop\/product\/tehtnica-kuhinjska-digitalna-bela-kt74-do-10-kg-z-bluetooth-povezavo-2\/\",\"url\":\"https:\/\/eurel.shop\/product\/tehtnica-kuhinjska-digitalna-bela-kt74-do-10-kg-z-bluetooth-povezavo-2\/\",\"name\":\"Tehtnica kuhinjska digitalna bela KT74 do 10 kg z bluetooth povezavo - Eurel\",\"isPartOf\":{\"@id\":\"https:\/\/eurel.shop\/#website\"},\"primaryImageOfPage\":{\"@id\":\"https:\/\/eurel.shop\/product\/tehtnica-kuhinjska-digitalna-bela-kt74-do-10-kg-z-bluetooth-povezavo-2\/#primaryimage\"},\"image\":{\"@id\":\"https:\/\/eurel.shop\/product\/tehtnica-kuhinjska-digitalna-bela-kt74-do-10-kg-z-bluetooth-povezavo-2\/#primaryimage\"},\"thumbnailUrl\":\"https:\/\/eurel.shop\/wp-content\/uploads\/2026\/01\/Image-006584-scaled.jpg\",\"datePublished\":\"2026-01-12T10:28:40+00:00\",\"dateModified\":\"2026-03-02T07:59:26+00:00\",\"breadcrumb\":{\"@id\":\"https:\/\/eurel.shop\/product\/tehtnica-kuhinjska-digitalna-bela-kt74-do-10-kg-z-bluetooth-povezavo-2\/#breadcrumb\"},\"inLanguage\":\"en-GB\",\"potentialAction\":[{\"@type\":\"ReadAction\",\"target\":[\"https:\/\/eurel.shop\/product\/tehtnica-kuhinjska-digitalna-bela-kt74-do-10-kg-z-bluetooth-povezavo-2\/\"]}]},{\"@type\":\"ImageObject\",\"inLanguage\":\"en-GB\",\"@id\":\"https:\/\/eurel.shop\/product\/tehtnica-kuhinjska-digitalna-bela-kt74-do-10-kg-z-bluetooth-povezavo-2\/#primaryimage\",\"url\":\"https:\/\/eurel.shop\/wp-content\/uploads\/2026\/01\/Image-006584-scaled.jpg\",\"contentUrl\":\"https:\/\/eurel.shop\/wp-content\/uploads\/2026\/01\/Image-006584-scaled.jpg\",\"width\":2135,\"height\":2560,\"caption\":\"Tehtnica kuhinjska KT74 bela\"},{\"@type\":\"BreadcrumbList\",\"@id\":\"https:\/\/eurel.shop\/product\/tehtnica-kuhinjska-digitalna-bela-kt74-do-10-kg-z-bluetooth-povezavo-2\/#breadcrumb\",\"itemListElement\":[{\"@type\":\"ListItem\",\"position\":1,\"name\":\"Home\",\"item\":\"https:\/\/eurel.shop\/\"},{\"@type\":\"ListItem\",\"position\":2,\"name\":\"Shop\",\"item\":\"https:\/\/eurel.shop\/shop\/\"},{\"@type\":\"ListItem\",\"position\":3,\"name\":\"Tehtnica kuhinjska digitalna bela KT74 do 10 kg z bluetooth povezavo\"}]},{\"@type\":\"WebSite\",\"@id\":\"https:\/\/eurel.shop\/#website\",\"url\":\"https:\/\/eurel.shop\/\",\"name\":\"Eurel\",\"description\":\"Va&scaron;i zanesljivi pomo\u010dniki v kuhinji\",\"publisher\":{\"@id\":\"https:\/\/eurel.shop\/#organization\"},\"potentialAction\":[{\"@type\":\"SearchAction\",\"target\":{\"@type\":\"EntryPoint\",\"urlTemplate\":\"https:\/\/eurel.shop\/?s={search_term_string}\"},\"query-input\":{\"@type\":\"PropertyValueSpecification\",\"valueRequired\":true,\"valueName\":\"search_term_string\"}}],\"inLanguage\":\"en-GB\"},{\"@type\":\"Organization\",\"@id\":\"https:\/\/eurel.shop\/#organization\",\"name\":\"Eurel\",\"url\":\"https:\/\/eurel.shop\/\",\"logo\":{\"@type\":\"ImageObject\",\"inLanguage\":\"en-GB\",\"@id\":\"https:\/\/eurel.shop\/#\/schema\/logo\/image\/\",\"url\":\"https:\/\/eurel.shop\/wp-content\/uploads\/2025\/03\/eurel_logo_white.png\",\"contentUrl\":\"https:\/\/eurel.shop\/wp-content\/uploads\/2025\/03\/eurel_logo_white.png\",\"width\":200,\"height\":56,\"caption\":\"Eurel\"},\"image\":{\"@id\":\"https:\/\/eurel.shop\/#\/schema\/logo\/image\/\"},\"sameAs\":[\"https:\/\/www.facebook.com\/eurelproducts\",\"https:\/\/www.instagram.com\/eurelproducts\"]}]}<\/script>\n<!-- \/ Yoast SEO plugin. -->","yoast_head_json":{"title":"Tehtnica kuhinjska digitalna bela KT74 do 10 kg z bluetooth povezavo - Eurel","robots":{"index":"index","follow":"follow","max-snippet":"max-snippet:-1","max-image-preview":"max-image-preview:large","max-video-preview":"max-video-preview:-1"},"canonical":"https:\/\/eurel.shop\/en\/product\/tehtnica-kuhinjska-digitalna-bela-kt74-do-10-kg-z-bluetooth-povezavo-2\/","og_locale":"en_GB","og_type":"article","og_title":"Tehtnica kuhinjska digitalna bela KT74 do 10 kg z bluetooth povezavo - Eurel","og_description":"Pametna kuhinjska tehtnica je zasnovana za natan\u010dno kuhanje, enostavno sledenje prehrani in sodobno kuhinjsko izku\u0161njo. Omogo\u010dena je preprosta povezava z mobilno aplikacijo za sledenje prehrani in spremljanje zdravstvenih ciljev. S svojo elegantno, tanko zasnovo in trpe\u017eno povr\u0161ino iz kaljenega stekla predstavlja popolno ravnovesje med stilom, inovacijo in vsakdanjo prakti\u010dnostjo. - Merilno obmo\u010dje do 10.000 g \/ 10.000 ml - Baterija \/ 2 x 1,5 V (AAA) - bateriji sta prilo\u017eeni","og_url":"https:\/\/eurel.shop\/en\/product\/tehtnica-kuhinjska-digitalna-bela-kt74-do-10-kg-z-bluetooth-povezavo-2\/","og_site_name":"Eurel","article_publisher":"https:\/\/www.facebook.com\/eurelproducts","article_modified_time":"2026-03-02T07:59:26+00:00","og_image":[{"width":2135,"height":2560,"url":"https:\/\/eurel.shop\/wp-content\/uploads\/2026\/01\/Image-006584-scaled.jpg","type":"image\/jpeg"}],"twitter_card":"summary_large_image","twitter_misc":{"Est. reading time":"1 minute"},"schema":{"@context":"https:\/\/schema.org","@graph":[{"@type":"WebPage","@id":"https:\/\/eurel.shop\/product\/tehtnica-kuhinjska-digitalna-bela-kt74-do-10-kg-z-bluetooth-povezavo-2\/","url":"https:\/\/eurel.shop\/product\/tehtnica-kuhinjska-digitalna-bela-kt74-do-10-kg-z-bluetooth-povezavo-2\/","name":"Tehtnica kuhinjska digitalna bela KT74 do 10 kg z bluetooth povezavo - Eurel","isPartOf":{"@id":"https:\/\/eurel.shop\/#website"},"primaryImageOfPage":{"@id":"https:\/\/eurel.shop\/product\/tehtnica-kuhinjska-digitalna-bela-kt74-do-10-kg-z-bluetooth-povezavo-2\/#primaryimage"},"image":{"@id":"https:\/\/eurel.shop\/product\/tehtnica-kuhinjska-digitalna-bela-kt74-do-10-kg-z-bluetooth-povezavo-2\/#primaryimage"},"thumbnailUrl":"https:\/\/eurel.shop\/wp-content\/uploads\/2026\/01\/Image-006584-scaled.jpg","datePublished":"2026-01-12T10:28:40+00:00","dateModified":"2026-03-02T07:59:26+00:00","breadcrumb":{"@id":"https:\/\/eurel.shop\/product\/tehtnica-kuhinjska-digitalna-bela-kt74-do-10-kg-z-bluetooth-povezavo-2\/#breadcrumb"},"inLanguage":"en-GB","potentialAction":[{"@type":"ReadAction","target":["https:\/\/eurel.shop\/product\/tehtnica-kuhinjska-digitalna-bela-kt74-do-10-kg-z-bluetooth-povezavo-2\/"]}]},{"@type":"ImageObject","inLanguage":"en-GB","@id":"https:\/\/eurel.shop\/product\/tehtnica-kuhinjska-digitalna-bela-kt74-do-10-kg-z-bluetooth-povezavo-2\/#primaryimage","url":"https:\/\/eurel.shop\/wp-content\/uploads\/2026\/01\/Image-006584-scaled.jpg","contentUrl":"https:\/\/eurel.shop\/wp-content\/uploads\/2026\/01\/Image-006584-scaled.jpg","width":2135,"height":2560,"caption":"Tehtnica kuhinjska KT74 bela"},{"@type":"BreadcrumbList","@id":"https:\/\/eurel.shop\/product\/tehtnica-kuhinjska-digitalna-bela-kt74-do-10-kg-z-bluetooth-povezavo-2\/#breadcrumb","itemListElement":[{"@type":"ListItem","position":1,"name":"Home","item":"https:\/\/eurel.shop\/"},{"@type":"ListItem","position":2,"name":"Shop","item":"https:\/\/eurel.shop\/shop\/"},{"@type":"ListItem","position":3,"name":"Tehtnica kuhinjska digitalna bela KT74 do 10 kg z bluetooth povezavo"}]},{"@type":"WebSite","@id":"https:\/\/eurel.shop\/#website","url":"https:\/\/eurel.shop\/","name":"Eurel","description":"Your reliable kitchen helpers","publisher":{"@id":"https:\/\/eurel.shop\/#organization"},"potentialAction":[{"@type":"SearchAction","target":{"@type":"EntryPoint","urlTemplate":"https:\/\/eurel.shop\/?s={search_term_string}"},"query-input":{"@type":"PropertyValueSpecification","valueRequired":true,"valueName":"search_term_string"}}],"inLanguage":"en-GB"},{"@type":"Organization","@id":"https:\/\/eurel.shop\/#organization","name":"Eurel","url":"https:\/\/eurel.shop\/","logo":{"@type":"ImageObject","inLanguage":"en-GB","@id":"https:\/\/eurel.shop\/#\/schema\/logo\/image\/","url":"https:\/\/eurel.shop\/wp-content\/uploads\/2025\/03\/eurel_logo_white.png","contentUrl":"https:\/\/eurel.shop\/wp-content\/uploads\/2025\/03\/eurel_logo_white.png","width":200,"height":56,"caption":"Eurel"},"image":{"@id":"https:\/\/eurel.shop\/#\/schema\/logo\/image\/"},"sameAs":["https:\/\/www.facebook.com\/eurelproducts","https:\/\/www.instagram.com\/eurelproducts"]}]}},"_links":{"self":[{"href":"https:\/\/eurel.shop\/en\/wp-json\/wp\/v2\/product\/2123","targetHints":{"allow":["GET"]}}],"collection":[{"href":"https:\/\/eurel.shop\/en\/wp-json\/wp\/v2\/product"}],"about":[{"href":"https:\/\/eurel.shop\/en\/wp-json\/wp\/v2\/types\/product"}],"wp:featuredmedia":[{"embeddable":true,"href":"https:\/\/eurel.shop\/en\/wp-json\/wp\/v2\/media\/2127"}],"wp:attachment":[{"href":"https:\/\/eurel.shop\/en\/wp-json\/wp\/v2\/media?parent=2123"}],"wp:term":[{"taxonomy":"product_brand","embeddable":true,"href":"https:\/\/eurel.shop\/en\/wp-json\/wp\/v2\/product_brand?post=2123"},{"taxonomy":"product_cat","embeddable":true,"href":"https:\/\/eurel.shop\/en\/wp-json\/wp\/v2\/product_cat?post=2123"},{"taxonomy":"product_tag","embeddable":true,"href":"https:\/\/eurel.shop\/en\/wp-json\/wp\/v2\/product_tag?post=2123"}],"curies":[{"name":"wp","href":"https:\/\/api.w.org\/{rel}","templated":true}]}}