{"id":818,"date":"2025-05-07T14:19:39","date_gmt":"2025-05-07T12:19:39","guid":{"rendered":"https:\/\/eurel.shop\/?post_type=product&#038;p=818"},"modified":"2025-07-14T14:13:26","modified_gmt":"2025-07-14T12:13:26","slug":"mp94-set-za-pripravo-smoothijev","status":"publish","type":"product","link":"https:\/\/eurel.shop\/en\/product\/mp94-set-za-pripravo-smoothijev\/","title":{"rendered":"Smoothie maker set PREMIUMLine MP94"},"content":{"rendered":"","protected":false},"excerpt":{"rendered":"<p>Popolna dopolnitev brez\u017ei\u010dnega pali\u010dnega me\u0161alnika MP94 s PREMIUMLine SMOOTHIE MAKER SETOM. Pripravite okusne napitke, smutije in osve\u017eujo\u010de me\u0161anice s priro\u010dnim in zmogljivim setom, zasnovanim za vsestranskost in enostavno uporabo.<\/p>\n<p>The set includes:<\/p>\n<ul>\n<li>me\u0161alna posodica (600 ml)<\/li>\n<li>pokrov z rezilom<\/li>\n<li>pokrov z ustnikom<\/li>\n<li>hladilni vlo\u017eek<\/li>\n<\/ul>\n<p>&nbsp;<\/p>\n<p>Remark: <strong>MP94 s PREMIUMLine SMOOTHIE MAKER SET je kompatibilen zgolj z osnovnim setom <a href=\"https:\/\/eurel.shop\/en\/product\/premiumline-mp94-rodless-stick-blender\/\">PREMIUMLine MP94 RISK-FREE PALM MIXER (click)<\/a><\/strong><\/p>","protected":false},"featured_media":1015,"template":"","meta":[],"product_brand":[],"product_cat":[25],"product_tag":[43],"class_list":{"0":"post-818","1":"product","2":"type-product","3":"status-publish","4":"has-post-thumbnail","6":"product_cat-palicni-mesalniki","7":"product_tag-premiumline","9":"first","10":"instock","11":"taxable","12":"shipping-taxable","13":"purchasable","14":"product-type-simple"},"yoast_head":"<!-- This site is optimized with the Yoast SEO plugin v27.0 - https:\/\/yoast.com\/product\/yoast-seo-wordpress\/ -->\n<title>Smoothie maker set PREMIUMLine MP94 - Eurel<\/title>\n<meta name=\"robots\" content=\"index, follow, max-snippet:-1, max-image-preview:large, max-video-preview:-1\" \/>\n<link rel=\"canonical\" href=\"https:\/\/eurel.shop\/en\/product\/mp94-set-za-pripravo-smoothijev\/\" \/>\n<meta property=\"og:locale\" content=\"en_GB\" \/>\n<meta property=\"og:type\" content=\"article\" \/>\n<meta property=\"og:title\" content=\"Smoothie maker set PREMIUMLine MP94 - Eurel\" \/>\n<meta property=\"og:description\" content=\"Popolna dopolnitev brez\u017ei\u010dnega pali\u010dnega me\u0161alnika MP94 s PREMIUMLine SMOOTHIE MAKER SETOM. Pripravite okusne napitke, smutije in osve\u017eujo\u010de me\u0161anice s priro\u010dnim in zmogljivim setom, zasnovanim za vsestranskost in enostavno uporabo.  Set vklju\u010duje:   me\u0161alna posodica (600 ml)  pokrov z rezilom  pokrov z ustnikom  hladilni vlo\u017eek  &nbsp;  Opomba: MP94 s PREMIUMLine SMOOTHIE MAKER SET je kompatibilen zgolj z osnovnim setom BREZ\u017dI\u010cNI PALI\u010cNI ME\u0160ALNIK PREMIUMLine MP94 (klik)\" \/>\n<meta property=\"og:url\" content=\"https:\/\/eurel.shop\/en\/product\/mp94-set-za-pripravo-smoothijev\/\" \/>\n<meta property=\"og:site_name\" content=\"Eurel\" \/>\n<meta property=\"article:publisher\" content=\"https:\/\/www.facebook.com\/eurelproducts\" \/>\n<meta property=\"article:modified_time\" content=\"2025-07-14T12:13:26+00:00\" \/>\n<meta property=\"og:image\" content=\"https:\/\/eurel.shop\/wp-content\/uploads\/2025\/05\/6.png\" \/>\n\t<meta property=\"og:image:width\" content=\"2000\" \/>\n\t<meta property=\"og:image:height\" content=\"2000\" \/>\n\t<meta property=\"og:image:type\" content=\"image\/png\" \/>\n<meta name=\"twitter:card\" content=\"summary_large_image\" \/>\n<meta name=\"twitter:label1\" content=\"Est. reading time\" \/>\n\t<meta name=\"twitter:data1\" content=\"1 minute\" \/>\n<script type=\"application\/ld+json\" class=\"yoast-schema-graph\">{\"@context\":\"https:\/\/schema.org\",\"@graph\":[{\"@type\":\"WebPage\",\"@id\":\"https:\/\/eurel.shop\/product\/mp94-set-za-pripravo-smoothijev\/\",\"url\":\"https:\/\/eurel.shop\/product\/mp94-set-za-pripravo-smoothijev\/\",\"name\":\"Smoothie maker set PREMIUMLine MP94 - Eurel\",\"isPartOf\":{\"@id\":\"https:\/\/eurel.shop\/#website\"},\"primaryImageOfPage\":{\"@id\":\"https:\/\/eurel.shop\/product\/mp94-set-za-pripravo-smoothijev\/#primaryimage\"},\"image\":{\"@id\":\"https:\/\/eurel.shop\/product\/mp94-set-za-pripravo-smoothijev\/#primaryimage\"},\"thumbnailUrl\":\"https:\/\/eurel.shop\/wp-content\/uploads\/2025\/05\/6.png\",\"datePublished\":\"2025-05-07T12:19:39+00:00\",\"dateModified\":\"2025-07-14T12:13:26+00:00\",\"breadcrumb\":{\"@id\":\"https:\/\/eurel.shop\/product\/mp94-set-za-pripravo-smoothijev\/#breadcrumb\"},\"inLanguage\":\"en-GB\",\"potentialAction\":[{\"@type\":\"ReadAction\",\"target\":[\"https:\/\/eurel.shop\/product\/mp94-set-za-pripravo-smoothijev\/\"]}]},{\"@type\":\"ImageObject\",\"inLanguage\":\"en-GB\",\"@id\":\"https:\/\/eurel.shop\/product\/mp94-set-za-pripravo-smoothijev\/#primaryimage\",\"url\":\"https:\/\/eurel.shop\/wp-content\/uploads\/2025\/05\/6.png\",\"contentUrl\":\"https:\/\/eurel.shop\/wp-content\/uploads\/2025\/05\/6.png\",\"width\":2000,\"height\":2000},{\"@type\":\"BreadcrumbList\",\"@id\":\"https:\/\/eurel.shop\/product\/mp94-set-za-pripravo-smoothijev\/#breadcrumb\",\"itemListElement\":[{\"@type\":\"ListItem\",\"position\":1,\"name\":\"Home\",\"item\":\"https:\/\/eurel.shop\/\"},{\"@type\":\"ListItem\",\"position\":2,\"name\":\"Shop\",\"item\":\"https:\/\/eurel.shop\/shop\/\"},{\"@type\":\"ListItem\",\"position\":3,\"name\":\"Smoothie maker set PREMIUMLine MP94\"}]},{\"@type\":\"WebSite\",\"@id\":\"https:\/\/eurel.shop\/#website\",\"url\":\"https:\/\/eurel.shop\/\",\"name\":\"Eurel\",\"description\":\"Va&scaron;i zanesljivi pomo\u010dniki v kuhinji\",\"publisher\":{\"@id\":\"https:\/\/eurel.shop\/#organization\"},\"potentialAction\":[{\"@type\":\"SearchAction\",\"target\":{\"@type\":\"EntryPoint\",\"urlTemplate\":\"https:\/\/eurel.shop\/?s={search_term_string}\"},\"query-input\":{\"@type\":\"PropertyValueSpecification\",\"valueRequired\":true,\"valueName\":\"search_term_string\"}}],\"inLanguage\":\"en-GB\"},{\"@type\":\"Organization\",\"@id\":\"https:\/\/eurel.shop\/#organization\",\"name\":\"Eurel\",\"url\":\"https:\/\/eurel.shop\/\",\"logo\":{\"@type\":\"ImageObject\",\"inLanguage\":\"en-GB\",\"@id\":\"https:\/\/eurel.shop\/#\/schema\/logo\/image\/\",\"url\":\"https:\/\/eurel.shop\/wp-content\/uploads\/2025\/03\/eurel_logo_white.png\",\"contentUrl\":\"https:\/\/eurel.shop\/wp-content\/uploads\/2025\/03\/eurel_logo_white.png\",\"width\":200,\"height\":56,\"caption\":\"Eurel\"},\"image\":{\"@id\":\"https:\/\/eurel.shop\/#\/schema\/logo\/image\/\"},\"sameAs\":[\"https:\/\/www.facebook.com\/eurelproducts\",\"https:\/\/www.instagram.com\/eurelproducts\"]}]}<\/script>\n<!-- \/ Yoast SEO plugin. -->","yoast_head_json":{"title":"Smoothie maker set PREMIUMLine MP94 - Eurel","robots":{"index":"index","follow":"follow","max-snippet":"max-snippet:-1","max-image-preview":"max-image-preview:large","max-video-preview":"max-video-preview:-1"},"canonical":"https:\/\/eurel.shop\/en\/product\/mp94-set-za-pripravo-smoothijev\/","og_locale":"en_GB","og_type":"article","og_title":"Smoothie maker set PREMIUMLine MP94 - Eurel","og_description":"Popolna dopolnitev brez\u017ei\u010dnega pali\u010dnega me\u0161alnika MP94 s PREMIUMLine SMOOTHIE MAKER SETOM. Pripravite okusne napitke, smutije in osve\u017eujo\u010de me\u0161anice s priro\u010dnim in zmogljivim setom, zasnovanim za vsestranskost in enostavno uporabo.  Set vklju\u010duje:   me\u0161alna posodica (600 ml)  pokrov z rezilom  pokrov z ustnikom  hladilni vlo\u017eek  &nbsp;  Opomba: MP94 s PREMIUMLine SMOOTHIE MAKER SET je kompatibilen zgolj z osnovnim setom BREZ\u017dI\u010cNI PALI\u010cNI ME\u0160ALNIK PREMIUMLine MP94 (klik)","og_url":"https:\/\/eurel.shop\/en\/product\/mp94-set-za-pripravo-smoothijev\/","og_site_name":"Eurel","article_publisher":"https:\/\/www.facebook.com\/eurelproducts","article_modified_time":"2025-07-14T12:13:26+00:00","og_image":[{"width":2000,"height":2000,"url":"https:\/\/eurel.shop\/wp-content\/uploads\/2025\/05\/6.png","type":"image\/png"}],"twitter_card":"summary_large_image","twitter_misc":{"Est. reading time":"1 minute"},"schema":{"@context":"https:\/\/schema.org","@graph":[{"@type":"WebPage","@id":"https:\/\/eurel.shop\/product\/mp94-set-za-pripravo-smoothijev\/","url":"https:\/\/eurel.shop\/product\/mp94-set-za-pripravo-smoothijev\/","name":"Smoothie maker set PREMIUMLine MP94 - Eurel","isPartOf":{"@id":"https:\/\/eurel.shop\/#website"},"primaryImageOfPage":{"@id":"https:\/\/eurel.shop\/product\/mp94-set-za-pripravo-smoothijev\/#primaryimage"},"image":{"@id":"https:\/\/eurel.shop\/product\/mp94-set-za-pripravo-smoothijev\/#primaryimage"},"thumbnailUrl":"https:\/\/eurel.shop\/wp-content\/uploads\/2025\/05\/6.png","datePublished":"2025-05-07T12:19:39+00:00","dateModified":"2025-07-14T12:13:26+00:00","breadcrumb":{"@id":"https:\/\/eurel.shop\/product\/mp94-set-za-pripravo-smoothijev\/#breadcrumb"},"inLanguage":"en-GB","potentialAction":[{"@type":"ReadAction","target":["https:\/\/eurel.shop\/product\/mp94-set-za-pripravo-smoothijev\/"]}]},{"@type":"ImageObject","inLanguage":"en-GB","@id":"https:\/\/eurel.shop\/product\/mp94-set-za-pripravo-smoothijev\/#primaryimage","url":"https:\/\/eurel.shop\/wp-content\/uploads\/2025\/05\/6.png","contentUrl":"https:\/\/eurel.shop\/wp-content\/uploads\/2025\/05\/6.png","width":2000,"height":2000},{"@type":"BreadcrumbList","@id":"https:\/\/eurel.shop\/product\/mp94-set-za-pripravo-smoothijev\/#breadcrumb","itemListElement":[{"@type":"ListItem","position":1,"name":"Home","item":"https:\/\/eurel.shop\/"},{"@type":"ListItem","position":2,"name":"Shop","item":"https:\/\/eurel.shop\/shop\/"},{"@type":"ListItem","position":3,"name":"Smoothie maker set PREMIUMLine MP94"}]},{"@type":"WebSite","@id":"https:\/\/eurel.shop\/#website","url":"https:\/\/eurel.shop\/","name":"Eurel","description":"Your reliable kitchen helpers","publisher":{"@id":"https:\/\/eurel.shop\/#organization"},"potentialAction":[{"@type":"SearchAction","target":{"@type":"EntryPoint","urlTemplate":"https:\/\/eurel.shop\/?s={search_term_string}"},"query-input":{"@type":"PropertyValueSpecification","valueRequired":true,"valueName":"search_term_string"}}],"inLanguage":"en-GB"},{"@type":"Organization","@id":"https:\/\/eurel.shop\/#organization","name":"Eurel","url":"https:\/\/eurel.shop\/","logo":{"@type":"ImageObject","inLanguage":"en-GB","@id":"https:\/\/eurel.shop\/#\/schema\/logo\/image\/","url":"https:\/\/eurel.shop\/wp-content\/uploads\/2025\/03\/eurel_logo_white.png","contentUrl":"https:\/\/eurel.shop\/wp-content\/uploads\/2025\/03\/eurel_logo_white.png","width":200,"height":56,"caption":"Eurel"},"image":{"@id":"https:\/\/eurel.shop\/#\/schema\/logo\/image\/"},"sameAs":["https:\/\/www.facebook.com\/eurelproducts","https:\/\/www.instagram.com\/eurelproducts"]}]}},"_links":{"self":[{"href":"https:\/\/eurel.shop\/en\/wp-json\/wp\/v2\/product\/818","targetHints":{"allow":["GET"]}}],"collection":[{"href":"https:\/\/eurel.shop\/en\/wp-json\/wp\/v2\/product"}],"about":[{"href":"https:\/\/eurel.shop\/en\/wp-json\/wp\/v2\/types\/product"}],"wp:featuredmedia":[{"embeddable":true,"href":"https:\/\/eurel.shop\/en\/wp-json\/wp\/v2\/media\/1015"}],"wp:attachment":[{"href":"https:\/\/eurel.shop\/en\/wp-json\/wp\/v2\/media?parent=818"}],"wp:term":[{"taxonomy":"product_brand","embeddable":true,"href":"https:\/\/eurel.shop\/en\/wp-json\/wp\/v2\/product_brand?post=818"},{"taxonomy":"product_cat","embeddable":true,"href":"https:\/\/eurel.shop\/en\/wp-json\/wp\/v2\/product_cat?post=818"},{"taxonomy":"product_tag","embeddable":true,"href":"https:\/\/eurel.shop\/en\/wp-json\/wp\/v2\/product_tag?post=818"}],"curies":[{"name":"wp","href":"https:\/\/api.w.org\/{rel}","templated":true}]}}